{"id":76691,"date":"2018-09-17T11:37:01","date_gmt":"2018-09-17T10:37:01","guid":{"rendered":"https:\/\/rexuniversal.com\/?page_id=76691"},"modified":"2025-05-19T14:44:21","modified_gmt":"2025-05-19T13:44:21","slug":"sobre-nosotros","status":"publish","type":"page","link":"https:\/\/rexuniversal.com\/es\/sobre-nosotros\/","title":{"rendered":"Sobre Nosotros"},"content":{"rendered":"<div class=\"wpb-content-wrapper\"><p>[vc_row row_height_percent=\u00bb0&#8243; back_color=\u00bbcolor-rgdb\u00bb overlay_alpha=\u00bb50&#8243; gutter_size=\u00bb3&#8243; column_width_percent=\u00bb100&#8243; shift_y=\u00bb0&#8243; z_index=\u00bb0&#8243; uncode_shortcode_id=\u00bb167361&#8243; back_color_type=\u00bbuncode-palette\u00bb][vc_column column_width_percent=\u00bb100&#8243; align_horizontal=\u00bbalign_center\u00bb gutter_size=\u00bb3&#8243; style=\u00bbdark\u00bb overlay_alpha=\u00bb50&#8243; shift_x=\u00bb0&#8243; shift_y=\u00bb0&#8243; shift_y_down=\u00bb0&#8243; z_index=\u00bb0&#8243; medium_width=\u00bb0&#8243; mobile_width=\u00bb0&#8243; width=\u00bb1\/1&#8243;][vc_custom_heading heading_semantic=\u00bbh3&#8243; text_font=\u00bbfont-762333&#8243; text_size=\u00bbfontsize-155944&#8243; text_weight=\u00bb700&#8243; text_transform=\u00bbcapitalize\u00bb text_space=\u00bbfontspace-111509&#8243; separator=\u00bbyes\u00bb]SOMOS LOS ACELERADORES[\/vc_custom_heading][vc_button outline=\u00bbyes\u00bb border_width=\u00bb0&#8243; link=\u00bburl:https%3A%2F%2Frexuniversal.com%2Fes%2Fcontacto%2F|||\u00bb]CONTACTA CON NOSOTROS[\/vc_button][\/vc_column][\/vc_row][vc_row unlock_row_content=\u00bbyes\u00bb row_height_percent=\u00bb0&#8243; override_padding=\u00bbyes\u00bb h_padding=\u00bb0&#8243; top_padding=\u00bb0&#8243; bottom_padding=\u00bb0&#8243; back_color=\u00bbcolor-nhtu\u00bb overlay_alpha=\u00bb50&#8243; gutter_size=\u00bb3&#8243; column_width_percent=\u00bb100&#8243; shift_y=\u00bb0&#8243; z_index=\u00bb0&#8243; row_height_pixel=\u00bb400&#8243;][vc_column column_width_percent=\u00bb100&#8243; gutter_size=\u00bb0&#8243; expand_height=\u00bbyes\u00bb overlay_alpha=\u00bb50&#8243; shift_x=\u00bb0&#8243; shift_y=\u00bb0&#8243; shift_y_down=\u00bb0&#8243; z_index=\u00bb0&#8243; medium_width=\u00bb4&#8243; mobile_width=\u00bb0&#8243; width=\u00bb1\/1&#8243;][vc_gallery el_id=\u00bbgallery-31846&#8243; medias=\u00bb88085,87399,87406,88081,88078,89276,89273,89270,89279,88501,89329,89326,88510&#8243; style_preset=\u00bbmetro\u00bb gutter_size=\u00bb0&#8243; media_items=\u00bbmedia|nolink|original,title,caption,sep-one|reduced,description,team-social\u00bb screen_lg=\u00bb1000&#8243; screen_md=\u00bb900&#8243; screen_sm=\u00bb400&#8243; single_width=\u00bb3&#8243; single_height=\u00bb3&#8243; single_overlay_color=\u00bbcolor-prif\u00bb single_overlay_opacity=\u00bb61&#8243; single_image_color_anim=\u00bbyes\u00bb single_h_align=\u00bbcenter\u00bb single_padding=\u00bb1&#8243; single_text_reduced=\u00bbyes\u00bb single_title_family=\u00bbfont-762333&#8243; single_title_dimension=\u00bbh6&#8243; single_border=\u00bbyes\u00bb single_css_animation=\u00bbalpha-anim\u00bb single_animation_delay=\u00bb200&#8243; lbox_skin=\u00bbwhite\u00bb carousel_rtl=\u00bb\u00bb single_half_padding=\u00bbyes\u00bb single_title_uppercase=\u00bb\u00bb single_title_serif=\u00bb\u00bb single_no_background=\u00bbyes\u00bb items=\u00bbeyIxMzc2M19pIjp7InNpbmdsZV9saW5rIjoidXJsOmh0dHAlM0ElMkYlMkZ3d3cudW5kc2duLmNvbXx8dGFyZ2V0OiUyMF9ibGFuayJ9LCIxMzc2OV9pIjp7InNpbmdsZV9saW5rIjoidXJsOmh0dHAlM0ElMkYlMkZ3d3cudW5kc2duLmNvbXx8dGFyZ2V0OiUyMF9ibGFuayJ9LCIxMzc3MF9pIjp7InNpbmdsZV9saW5rIjoidXJsOmh0dHAlM0ElMkYlMkZ3d3cudW5kc2duLmNvbXx8dGFyZ2V0OiUyMF9ibGFuayJ9LCIxMzc2Nl9pIjp7InNpbmdsZV9saW5rIjoidXJsOmh0dHAlM0ElMkYlMkZ3d3cudW5kc2duLmNvbXx8dGFyZ2V0OiUyMF9ibGFuayJ9LCIxMjE2OV9pIjp7InNpbmdsZV93aWR0aCI6IjMifSwiNzU5MDVfaSI6eyJzaW5nbGVfd2lkdGgiOiIzIiwic2luZ2xlX2hlaWdodCI6IjMifSwiNzU5MDZfaSI6eyJzaW5nbGVfd2lkdGgiOiIzIiwic2luZ2xlX2hlaWdodCI6IjMifSwiNzU5MTBfaSI6eyJzaW5nbGVfd2lkdGgiOiIzIiwic2luZ2xlX2hlaWdodCI6IjMifSwiNzU5MDlfaSI6eyJzaW5nbGVfd2lkdGgiOiIzIiwic2luZ2xlX2hlaWdodCI6IjMifSwiNzU5MDhfaSI6eyJzaW5nbGVfaGVpZ2h0IjoiMyIsInNpbmdsZV93aWR0aCI6IjMifSwiNzYxMzFfaSI6eyJzaW5nbGVfd2lkdGgiOiIyIiwic2luZ2xlX2hlaWdodCI6IjYiLCJzaW5nbGVfdGl0bGVfdHJhbnNmb3JtIjoiY2FwaXRhbGl6ZSJ9LCI3NjE1OV9pIjp7InNpbmdsZV9oZWlnaHQiOiI2In0sIjc2MTYwX2kiOnsic2luZ2xlX2hlaWdodCI6IjYiLCJzaW5nbGVfdGV4dCI6Im92ZXJsYXkiLCJzaW5nbGVfb3ZlcmxheV9jb2xvciI6IiIsInNpbmdsZV9jc3NfYW5pbWF0aW9uIjoiIiwic2luZ2xlX2xheW91dF9tZWRpYV9pdGVtcyI6Im1lZGlhfG5vbGlua3xvcmlnaW5hbCx0aXRsZSxjYXB0aW9uLGRlc2NyaXB0aW9uLHRlYW0tc29jaWFsIiwic2luZ2xlX292ZXJsYXlfb3BhY2l0eSI6IjEiLCJzaW5nbGVfdGV4dF9hbmltIjoibm8iLCJzaW5nbGVfaW1hZ2VfYW5pbSI6Im5vIn0sIjc2MTY5X2kiOnsic2luZ2xlX2hlaWdodCI6IjYiLCJzaW5nbGVfb3ZlcmxheV9vcGFjaXR5IjoiMiIsInNpbmdsZV90ZXh0X2FuaW0iOiJubyIsInNpbmdsZV9sYXlvdXRfbWVkaWFfaXRlbXMiOiJtZWRpYXxub2xpbmt8b3JpZ2luYWwsdGl0bGUsY2FwdGlvbixkZXNjcmlwdGlvbix0ZWFtLXNvY2lhbCJ9LCI3NjE3MV9pIjp7InNpbmdsZV9oZWlnaHQiOiI2Iiwic2luZ2xlX292ZXJsYXlfb3BhY2l0eSI6IjIiLCJzaW5nbGVfbGF5b3V0X21lZGlhX2l0ZW1zIjoibWVkaWF8bm9saW5rfG9yaWdpbmFsLGRlc2NyaXB0aW9uLHRlYW0tc29jaWFsIiwic2luZ2xlX3RleHRfYW5pbSI6Im5vIiwic2luZ2xlX2ltYWdlX2FuaW0iOiJubyJ9LCI3NjE3M19pIjp7InNpbmdsZV9oZWlnaHQiOiI2Iiwic2luZ2xlX292ZXJsYXlfb3BhY2l0eSI6IjEiLCJzaW5nbGVfdGV4dF9hbmltIjoibm8iLCJzaW5nbGVfb3ZlcmxheV9hbmltIjoibm8iLCJzaW5nbGVfaW1hZ2VfYW5pbSI6Im5vIiwic2luZ2xlX2xheW91dF9tZWRpYV9pdGVtcyI6Im1lZGlhfG5vbGlua3xvcmlnaW5hbCx0ZWFtLXNvY2lhbCIsInNpbmdsZV93aWR0aCI6IjMifSwiNzc0MzJfaSI6eyJzaW5nbGVfd2lkdGgiOiIzIiwic2luZ2xlX2hlaWdodCI6IjMifSwiNzc0NDRfaSI6eyJzaW5nbGVfd2lkdGgiOiIzIiwic2luZ2xlX2hlaWdodCI6IjMifSwiNzc0NTZfaSI6eyJzaW5nbGVfd2lkdGgiOiIzIiwic2luZ2xlX2hlaWdodCI6IjMifSwiODcyMDFfaSI6eyJzaW5nbGVfd2lkdGgiOiIzIiwic2luZ2xlX2hlaWdodCI6IjMifSwiODcyMDRfaSI6eyJzaW5nbGVfd2lkdGgiOiIzIiwic2luZ2xlX2hlaWdodCI6IjMifSwiODcyMDdfaSI6eyJzaW5nbGVfd2lkdGgiOiIzIiwic2luZ2xlX2hlaWdodCI6IjMifSwiODcyMTNfaSI6eyJzaW5nbGVfd2lkdGgiOiIzIiwic2luZ2xlX2hlaWdodCI6IjMifSwiODcyMTBfaSI6eyJzaW5nbGVfd2lkdGgiOiIzIiwic2luZ2xlX2hlaWdodCI6IjMifSwiODczODhfaSI6eyJzaW5nbGVfaGVpZ2h0IjoiMyJ9LCI4NzM5MV9pIjp7InNpbmdsZV9oZWlnaHQiOiIzIn0sIjg3NDA5X2kiOnsic2luZ2xlX2hlaWdodCI6IjMifSwiODc0MDZfaSI6eyJzaW5nbGVfaGVpZ2h0IjoiMyJ9LCI4NzM5OV9pIjp7InNpbmdsZV9oZWlnaHQiOiIzIn0sIjg3NDAzX2kiOnsic2luZ2xlX2hlaWdodCI6IjMifSwiODc4NjNfaSI6eyJzaW5nbGVfaGVpZ2h0IjoiMyJ9LCI4NzQ4MV9pIjp7InNpbmdsZV9oZWlnaHQiOiIzIn0sIjg3NDkzX2kiOnsic2luZ2xlX2hlaWdodCI6IjMifSwiODc0OTZfaSI6eyJzaW5nbGVfaGVpZ2h0IjoiMyJ9LCI4ODA1OV9pIjp7InNpbmdsZV9oZWlnaHQiOiIzIn0sIjg4MDYyX2kiOnsic2luZ2xlX2hlaWdodCI6IjMifSwiODgwNjVfaSI6eyJzaW5nbGVfaGVpZ2h0IjoiMyJ9LCI4ODA3OF9pIjp7InNpbmdsZV9oZWlnaHQiOiIzIn0sIjg4MjQwX2kiOnsic2luZ2xlX2xheW91dF9tZWRpYV9pdGVtcyI6Im1lZGlhfG5vbGlua3xvcmlnaW5hbCx0aXRsZSxjYXB0aW9uLGRlc2NyaXB0aW9uLHRlYW0tc29jaWFsIn0sIjg4NTEzX2kiOnsic2luZ2xlX3dpZHRoIjoiNiJ9fQ==\u00bb uncode_shortcode_id=\u00bb165510&#8243;][\/vc_column][\/vc_row][vc_row unlock_row_content=\u00bbyes\u00bb row_height_percent=\u00bb0&#8243; override_padding=\u00bbyes\u00bb h_padding=\u00bb0&#8243; top_padding=\u00bb0&#8243; bottom_padding=\u00bb0&#8243; overlay_alpha=\u00bb50&#8243; equal_height=\u00bbyes\u00bb gutter_size=\u00bb0&#8243; shift_y=\u00bb0&#8243;][vc_column column_width_percent=\u00bb100&#8243; position_vertical=\u00bbmiddle\u00bb gutter_size=\u00bb3&#8243; override_padding=\u00bbyes\u00bb column_padding=\u00bb4&#8243; style=\u00bbdark\u00bb font_family=\u00bbfont-762333&#8243; back_color=\u00bbcolor-rgdb\u00bb overlay_alpha=\u00bb50&#8243; shift_x=\u00bb0&#8243; shift_y=\u00bb0&#8243; z_index=\u00bb0&#8243; align_medium=\u00bbalign_center_tablet\u00bb medium_width=\u00bb0&#8243; align_mobile=\u00bbalign_center_mobile\u00bb width=\u00bb1\/2&#8243;][vc_custom_heading heading_semantic=\u00bbh3&#8243; text_font=\u00bbfont-597343&#8243; text_size=\u00bbh1&#8243; text_weight=\u00bb700&#8243; text_space=\u00bbfontspace-111509&#8243; separator=\u00bbyes\u00bb]NUESTRO ENFOQUE[\/vc_custom_heading][vc_column_text text_lead=\u00bbyes\u00bb]<span class=\"font-597343\" style=\"font-weight: 400;\">Con nuestros clientes utilizamos la metodolog\u00eda \u00e1gil. Es un m\u00e9todo que se adapta a las condiciones del trabajo que se basa en la entrega temprana y en el mejoramiento continuo para de este modo adaptarnos r\u00e1pidamente a los cambios.<\/span><\/p>\n<p><span class=\"font-597343\" style=\"font-weight: 400;\">Nuestra filosof\u00eda de trabajo se basa en los siguientes pillares: generosidad, simplicidad, autenticidad, consistencia y calidad.[\/vc_column_text][\/vc_column][vc_column column_width_percent=\u00bb100&#8243; position_vertical=\u00bbmiddle\u00bb gutter_size=\u00bb3&#8243; override_padding=\u00bbyes\u00bb column_padding=\u00bb4&#8243; style=\u00bbdark\u00bb font_family=\u00bbfont-762333&#8243; back_color=\u00bbcolor-wayh\u00bb overlay_alpha=\u00bb50&#8243; shift_x=\u00bb0&#8243; shift_y=\u00bb0&#8243; z_index=\u00bb0&#8243; align_medium=\u00bbalign_center_tablet\u00bb medium_width=\u00bb0&#8243; align_mobile=\u00bbalign_center_mobile\u00bb width=\u00bb1\/2&#8243;][vc_custom_heading heading_semantic=\u00bbh3&#8243; text_font=\u00bbfont-597343&#8243; text_size=\u00bbh1&#8243; text_weight=\u00bb700&#8243; text_transform=\u00bbcapitalize\u00bb text_space=\u00bbfontspace-111509&#8243; separator=\u00bbyes\u00bb]NUESTRA MISI\u00d3N[\/vc_custom_heading][vc_column_text text_lead=\u00bbyes\u00bb]<span class=\"font-597343\" style=\"font-weight: 400;\">Mostrar el potencial oculto de tu negocio y ayudarte a crecer con la ayuda de nuestra experiencia.<\/span>[\/vc_column_text][vc_empty_space empty_h=\u00bb5&#8243;][vc_empty_space empty_h=\u00bb1&#8243;][\/vc_column][\/vc_row][vc_row unlock_row_content=\u00bbyes\u00bb row_height_percent=\u00bb0&#8243; override_padding=\u00bbyes\u00bb h_padding=\u00bb0&#8243; top_padding=\u00bb0&#8243; bottom_padding=\u00bb0&#8243; overlay_alpha=\u00bb100&#8243; gutter_size=\u00bb0&#8243; style=\u00bbinherited\u00bb][\/vc_row][vc_row unlock_row_content=\u00bbyes\u00bb row_height_percent=\u00bb0&#8243; override_padding=\u00bbyes\u00bb h_padding=\u00bb0&#8243; top_padding=\u00bb0&#8243; bottom_padding=\u00bb0&#8243; overlay_alpha=\u00bb50&#8243; equal_height=\u00bbyes\u00bb gutter_size=\u00bb0&#8243; shift_y=\u00bb0&#8243;][\/vc_row][vc_row][vc_column][vc_column_text]<\/span>[\/vc_column_text][\/vc_column][\/vc_row]<\/p>\n<\/div>","protected":false},"excerpt":{"rendered":"<p>[vc_row row_height_percent=\u00bb0&#8243; back_color=\u00bbcolor-rgdb\u00bb overlay_alpha=\u00bb50&#8243; gutter_size=\u00bb3&#8243; column_width_percent=\u00bb100&#8243; shift_y=\u00bb0&#8243; z_index=\u00bb0&#8243; uncode_shortcode_id=\u00bb167361&#8243; back_color_type=\u00bbuncode-palette\u00bb][vc_column column_width_percent=\u00bb100&#8243; align_horizontal=\u00bbalign_center\u00bb gutter_size=\u00bb3&#8243; style=\u00bbdark\u00bb overlay_alpha=\u00bb50&#8243; shift_x=\u00bb0&#8243; shift_y=\u00bb0&#8243; shift_y_down=\u00bb0&#8243; z_index=\u00bb0&#8243; medium_width=\u00bb0&#8243; [&hellip;]<\/p>\n","protected":false},"author":1,"featured_media":0,"parent":0,"menu_order":0,"comment_status":"closed","ping_status":"closed","template":"","meta":{"footnotes":""},"class_list":["post-76691","page","type-page","status-publish","hentry","page_category-rexuniversal-es"],"_links":{"self":[{"href":"https:\/\/rexuniversal.com\/es\/wp-json\/wp\/v2\/pages\/76691","targetHints":{"allow":["GET"]}}],"collection":[{"href":"https:\/\/rexuniversal.com\/es\/wp-json\/wp\/v2\/pages"}],"about":[{"href":"https:\/\/rexuniversal.com\/es\/wp-json\/wp\/v2\/types\/page"}],"author":[{"embeddable":true,"href":"https:\/\/rexuniversal.com\/es\/wp-json\/wp\/v2\/users\/1"}],"replies":[{"embeddable":true,"href":"https:\/\/rexuniversal.com\/es\/wp-json\/wp\/v2\/comments?post=76691"}],"version-history":[{"count":6,"href":"https:\/\/rexuniversal.com\/es\/wp-json\/wp\/v2\/pages\/76691\/revisions"}],"predecessor-version":[{"id":89669,"href":"https:\/\/rexuniversal.com\/es\/wp-json\/wp\/v2\/pages\/76691\/revisions\/89669"}],"wp:attachment":[{"href":"https:\/\/rexuniversal.com\/es\/wp-json\/wp\/v2\/media?parent=76691"}],"curies":[{"name":"wp","href":"https:\/\/api.w.org\/{rel}","templated":true}]}}