{"id":76723,"date":"2018-09-24T14:46:25","date_gmt":"2018-09-24T13:46:25","guid":{"rendered":"https:\/\/rexuniversal.com\/?page_id=76723"},"modified":"2023-09-14T12:20:34","modified_gmt":"2023-09-14T11:20:34","slug":"desarrollo-de-aplicaciones","status":"publish","type":"page","link":"https:\/\/rexuniversal.com\/es\/desarrollo-de-aplicaciones\/","title":{"rendered":"Desarrollo de aplicaciones"},"content":{"rendered":"<div class=\"wpb-content-wrapper\"><p>[vc_row unlock_row_content=\u00bbyes\u00bb row_height_percent=\u00bb0&#8243; override_padding=\u00bbyes\u00bb h_padding=\u00bb0&#8243; top_padding=\u00bb0&#8243; bottom_padding=\u00bb0&#8243; overlay_alpha=\u00bb100&#8243; equal_height=\u00bbyes\u00bb gutter_size=\u00bb0&#8243; shift_y=\u00bb0&#8243; style=\u00bbinherited\u00bb][vc_column column_width_percent=\u00bb100&#8243; position_horizontal=\u00bbleft\u00bb gutter_size=\u00bb3&#8243; override_padding=\u00bbyes\u00bb column_padding=\u00bb5&#8243; back_color=\u00bbcolor-xsdn\u00bb overlay_alpha=\u00bb100&#8243; shift_x=\u00bb0&#8243; shift_y=\u00bb0&#8243; z_index=\u00bb0&#8243; medium_width=\u00bb100&#8243; zoom_width=\u00bb0&#8243; zoom_height=\u00bb0&#8243; width=\u00bb1\/3&#8243; safe_padding=\u00bbyes\u00bb][vc_custom_heading heading_semantic=\u00bbh3&#8243; text_font=\u00bbfont-597343&#8243; text_size=\u00bbh3&#8243; text_weight=\u00bb700&#8243; text_transform=\u00bbuppercase\u00bb]D\u00c9JANOS DISE\u00d1AR TU APLICACI\u00d3N[\/vc_custom_heading][vc_separator sep_color=\u00bb,Default\u00bb][vc_column_text text_lead=\u00bbyes\u00bb uncode_shortcode_id=\u00bb133562&#8243;]En el cambiante mundo digital actual, tener una aplicaci\u00f3n m\u00f3vil s\u00f3lida y f\u00e1cil de usar puede realmente diferenciar a tu negocio. Nuestros servicios de desarrollo de aplicaciones son:[\/vc_column_text][\/vc_column][vc_column column_width_percent=\u00bb100&#8243; position_horizontal=\u00bbleft\u00bb gutter_size=\u00bb3&#8243; override_padding=\u00bbyes\u00bb column_padding=\u00bb5&#8243; back_color=\u00bbcolor-lxmt\u00bb overlay_alpha=\u00bb0&#8243; shift_x=\u00bb0&#8243; shift_y=\u00bb0&#8243; z_index=\u00bb0&#8243; medium_width=\u00bb100&#8243; zoom_width=\u00bb0&#8243; zoom_height=\u00bb0&#8243; width=\u00bb2\/3&#8243; safe_padding=\u00bbyes\u00bb][vc_row_inner row_inner_height_percent=\u00bb0&#8243; overlay_alpha=\u00bb50&#8243; gutter_size=\u00bb4&#8243; shift_y=\u00bb0&#8243;][vc_column_inner width=\u00bb1\/3&#8243;][vc_icon icon=\u00bbfa fa-piechart\u00bb icon_image=\u00bb89193&#8243; icon_color=\u00bbcolor-104936&#8243; text_size=\u00bbh4&#8243; css_animation=\u00bbbottom-t-top\u00bb animation_delay=\u00bb200&#8243; align=\u00bbleft\u00bb title=\u00bbHechos a medida\u00bb uncode_shortcode_id=\u00bb182718&#8243; icon_color_type=\u00bbuncode-palette\u00bb]Nuestro equipo crea aplicaciones que se ajustan a tu visi\u00f3n y brindan a tus usuarios un abrazo digital personalizado.[\/vc_icon][vc_empty_space empty_h=\u00bb2&#8243;][vc_empty_space empty_h=\u00bb1&#8243;][vc_icon icon=\u00bbfa fa-piechart\u00bb icon_image=\u00bb89199&#8243; icon_color=\u00bbcolor-104936&#8243; text_size=\u00bbh4&#8243; css_animation=\u00bbbottom-t-top\u00bb animation_delay=\u00bb200&#8243; align=\u00bbleft\u00bb title=\u00bbSiempre a tiempo\u00bb uncode_shortcode_id=\u00bb722518&#8243; icon_color_type=\u00bbuncode-palette\u00bb]Nuestra promesa es entregar tu aplicaci\u00f3n a tiempo sin comprometer la calidad.[\/vc_icon][\/vc_column_inner][vc_column_inner width=\u00bb1\/3&#8243;][vc_icon icon=\u00bbfa fa-phone2&#8243; icon_image=\u00bb88878&#8243; icon_color=\u00bbcolor-104936&#8243; text_size=\u00bbh4&#8243; css_animation=\u00bbbottom-t-top\u00bb animation_delay=\u00bb600&#8243; align=\u00bbleft\u00bb title=\u00bbFluidas y atractivas\u00bb uncode_shortcode_id=\u00bb886578&#8243; icon_color_type=\u00bbuncode-palette\u00bb]Prep\u00e1rate para dise\u00f1os de interfaz de usuario\/experiencia de usuario que no solo son f\u00e1ciles de usar, sino tambi\u00e9n tan cautivadores que los usuarios no pueden evitar quedarse atrapados.[\/vc_icon][vc_icon icon=\u00bbfa fa-gears2&#8243; icon_image=\u00bb88880&#8243; icon_color=\u00bbcolor-104936&#8243; text_size=\u00bbh4&#8243; css_animation=\u00bbbottom-t-top\u00bb animation_delay=\u00bb400&#8243; align=\u00bbleft\u00bb title=\u00bbiOS y Android\u00bb uncode_shortcode_id=\u00bb427794&#8243; icon_color_type=\u00bbuncode-palette\u00bb]Construimos aplicaciones independientes de plataforma. Esto significa que la aplicaci\u00f3n puede funcionar en diferentes sistemas operativos, como iOS y Android.[\/vc_icon][\/vc_column_inner][vc_column_inner width=\u00bb1\/3&#8243;][vc_icon icon=\u00bbfa fa-gears2&#8243; icon_image=\u00bb89197&#8243; icon_color=\u00bbcolor-104936&#8243; text_size=\u00bbh4&#8243; css_animation=\u00bbbottom-t-top\u00bb animation_delay=\u00bb400&#8243; align=\u00bbleft\u00bb title=\u00bbSiempre al d\u00eda\u00bb uncode_shortcode_id=\u00bb150915&#8243; icon_color_type=\u00bbuncode-palette\u00bb]Utilizamos las \u00faltimas herramientas y tecnolog\u00eda para asegurarnos de que tu aplicaci\u00f3n est\u00e9 siempre actualizada y lista para el futuro.[\/vc_icon][\/vc_column_inner][\/vc_row_inner][\/vc_column][\/vc_row][vc_row unlock_row_content=\u00bbyes\u00bb row_height_percent=\u00bb0&#8243; overlay_alpha=\u00bb50&#8243; gutter_size=\u00bb3&#8243; column_width_percent=\u00bb100&#8243; shift_y=\u00bb0&#8243; z_index=\u00bb0&#8243; uncode_shortcode_id=\u00bb131878&#8243;][vc_column width=\u00bb1\/1&#8243;][vc_custom_heading text_font=\u00bbfont-597343&#8243;]Algunos ejemplos:[\/vc_custom_heading][vc_gallery el_id=\u00bbgallery-939213&#8243; type=\u00bbcarousel\u00bb medias=\u00bb88818,88830,88833,88827,88836,88839,88824&#8243; carousel_lg=\u00bb7&#8243; carousel_md=\u00bb3&#8243; carousel_sm=\u00bb1&#8243; gutter_size=\u00bb2&#8243; carousel_interval=\u00bb3000&#8243; carousel_navspeed=\u00bb400&#8243; stage_padding=\u00bb0&#8243; single_overlay_opacity=\u00bb50&#8243; single_padding=\u00bb2&#8243; items=\u00bbeyI3Nzc3M19pIjp7InNpbmdsZV9saW5rIjoidXJsOmh0dHBzJTNBJTJGJTJGYmxhY2tzaGF3aW50ZXJpb3JkZXNpZ24uY29tJTJGfHx0YXJnZXQ6JTIwX2JsYW5rfHJlbDpub2ZvbGxvdyJ9LCI3Nzc3Nl9pIjp7InNpbmdsZV9saW5rIjoidXJsOmh0dHBzJTNBJTJGJTJGYmxhY2tzaGF3aW50ZXJpb3JkZXNpZ24uY29tJTJGfHx0YXJnZXQ6JTIwX2JsYW5rfHJlbDpub2ZvbGxvdyIsInNpbmdsZV9sYXlvdXRfbWVkaWFfaXRlbXMiOiJtZWRpYXxjdXN0b21fbGlua3xvcmlnaW5hbCxpY29uIn0sIjc3Nzc5X2kiOnsic2luZ2xlX2xpbmsiOiJ1cmw6aHR0cHMlM0ElMkYlMkZyZXhtYXJiZWxsYS5jb20lMkZ8fHRhcmdldDolMjBfYmxhbmt8Iiwic2luZ2xlX2xheW91dF9tZWRpYV9pdGVtcyI6Im1lZGlhfGN1c3RvbV9saW5rfG9yaWdpbmFsLGljb24ifSwiNzc3ODJfaSI6eyJzaW5nbGVfbGluayI6InVybDpodHRwJTNBJTJGJTJGYW1lc2FycXVpdGVjdG9zLmNvbSUyRnx8dGFyZ2V0OiUyMF9ibGFua3xyZWw6bm9mb2xsb3ciLCJzaW5nbGVfbGF5b3V0X21lZGlhX2l0ZW1zIjoibWVkaWF8Y3VzdG9tX2xpbmt8b3JpZ2luYWwsaWNvbiJ9LCI3Nzc4NV9pIjp7InNpbmdsZV9saW5rIjoidXJsOmh0dHAlM0ElMkYlMkZjaGxvZXMuZXN0YXRlJTJGfHx0YXJnZXQ6JTIwX2JsYW5rfHJlbDpub2ZvbGxvdyIsInNpbmdsZV9sYXlvdXRfbWVkaWFfaXRlbXMiOiJtZWRpYXxjdXN0b21fbGlua3xvcmlnaW5hbCxpY29uIn19&#8243; uncode_shortcode_id=\u00bb883548&#8243;][\/vc_column][\/vc_row][vc_row unlock_row_content=\u00bbyes\u00bb row_height_percent=\u00bb0&#8243; override_padding=\u00bbyes\u00bb h_padding=\u00bb2&#8243; top_padding=\u00bb2&#8243; bottom_padding=\u00bb2&#8243; back_color=\u00bbaccent\u00bb overlay_alpha=\u00bb95&#8243; gutter_size=\u00bb4&#8243; column_width_use_pixel=\u00bbyes\u00bb shift_y=\u00bb0&#8243; z_index=\u00bb0&#8243; row_height_pixel=\u00bb150&#8243;][vc_column column_width_percent=\u00bb100&#8243; gutter_size=\u00bb3&#8243; style=\u00bbdark\u00bb overlay_alpha=\u00bb50&#8243; shift_x=\u00bb0&#8243; shift_y=\u00bb0&#8243; shift_y_down=\u00bb0&#8243; z_index=\u00bb0&#8243; medium_width=\u00bb0&#8243; mobile_width=\u00bb0&#8243; width=\u00bb1\/1&#8243;][vc_gallery el_id=\u00bbgallery-35677&#8243; type=\u00bbcarousel\u00bb random=\u00bbyes\u00bb medias=\u00bb74329,74331,74332,74333&#8243; carousel_lg=\u00bb1&#8243; carousel_md=\u00bb1&#8243; carousel_sm=\u00bb1&#8243; gutter_size=\u00bb0&#8243; media_items=\u00bbicon,media|lightbox|original\u00bb carousel_v_align=\u00bbmiddle\u00bb carousel_type=\u00bbfade\u00bb carousel_interval=\u00bb5000&#8243; carousel_navspeed=\u00bb400&#8243; carousel_loop=\u00bbyes\u00bb carousel_dots_mobile=\u00bbyes\u00bb carousel_autoh=\u00bbyes\u00bb carousel_textual=\u00bbyes\u00bb stage_padding=\u00bb0&#8243; single_overlay_opacity=\u00bb50&#8243; single_padding=\u00bb0&#8243; single_title_family=\u00bbfont-134980&#8243; single_title_dimension=\u00bbh2&#8243; single_title_height=\u00bbfontheight-524109&#8243; single_css_animation=\u00bbleft-t-right\u00bb single_animation_delay=\u00bb500&#8243; carousel_twitter=\u00bbyes\u00bb title=\u00bbTestimonials\u00bb items=\u00bbeyI3NDMyOV9pIjp7InNpbmdsZV9oX2FsaWduIjoiY2VudGVyIiwic2luZ2xlX3RpdGxlX2ZhbWlseSI6IiJ9LCI3NDMzMV9pIjp7InNpbmdsZV90aXRsZV9mYW1pbHkiOiIiLCJzaW5nbGVfaF9hbGlnbiI6ImNlbnRlciJ9LCI3NDMzMl9pIjp7InNpbmdsZV90aXRsZV9mYW1pbHkiOiIiLCJzaW5nbGVfaF9hbGlnbiI6ImNlbnRlciJ9LCI3NDMzM19pIjp7InNpbmdsZV90aXRsZV9mYW1pbHkiOiIiLCJzaW5nbGVfaF9hbGlnbiI6ImNlbnRlciJ9fQ==\u00bb][\/vc_column][\/vc_row][vc_row unlock_row_content=\u00bbyes\u00bb row_height_percent=\u00bb0&#8243; override_padding=\u00bbyes\u00bb h_padding=\u00bb0&#8243; top_padding=\u00bb0&#8243; bottom_padding=\u00bb0&#8243; back_color=\u00bbcolor-rgdb\u00bb overlay_alpha=\u00bb100&#8243; gutter_size=\u00bb100&#8243; shift_y=\u00bb0&#8243; style=\u00bbinherited\u00bb][vc_column column_width_percent=\u00bb100&#8243; gutter_size=\u00bb3&#8243; font_family=\u00bbfont-134980&#8243; overlay_alpha=\u00bb50&#8243; shift_x=\u00bb0&#8243; shift_y=\u00bb0&#8243; z_index=\u00bb0&#8243; medium_width=\u00bb0&#8243; width=\u00bb1\/1&#8243;][uncode_index el_id=\u00bbindex-476895211&#8243; loop=\u00bbsize:7|order_by:menu_order|order:ASC|post_type:page|by_id:85529,76792,76723,76800,76743,76768,86974|taxonomy_count:10&#8243; style_preset=\u00bbmetro\u00bb screen_lg=\u00bb1200&#8243; screen_md=\u00bb960&#8243; screen_sm=\u00bb480&#8243; gutter_size=\u00bb0&#8243; post_items=\u00bbtitle,media,text,link,author,date,category,extra\u00bb page_items=\u00bbtitle,text|excerpt,media|featured|onpost|original\u00bb product_items=\u00bbtitle,media,text,category,price\u00bb portfolio_items=\u00bbmedia|featured|onpost|original,title\u00bb footer_style=\u00bbdark\u00bb footer_back_color=\u00bbaccent\u00bb single_text=\u00bboverlay\u00bb single_width=\u00bb3&#8243; single_height=\u00bb3&#8243; single_overlay_color=\u00bbcolor-nhtu\u00bb single_overlay_opacity=\u00bb30&#8243; single_h_align=\u00bbcenter\u00bb single_padding=\u00bb2&#8243; single_title_family=\u00bbfont-597343&#8243; single_title_dimension=\u00bbh2&#8243; single_title_weight=\u00bb700&#8243; single_title_transform=\u00bbcapitalize\u00bb single_text_lead=\u00bbyes\u00bb single_border=\u00bbyes\u00bb single_css_animation=\u00bbbottom-t-top\u00bb single_animation_delay=\u00bb200&#8243; custom_order=\u00bbyes\u00bb lbox_title=\u00bbyes\u00bb lbox_caption=\u00bbyes\u00bb lbox_deep=\u00bbyes\u00bb single_block_click=\u00bbyes\u00bb single_text_hover=\u00bbyes\u00bb items=\u00bbeyI0NjI1X2kiOnsic2luZ2xlX3dpZHRoIjoiNiJ9LCI0NTgxX2kiOnsic2luZ2xlX3dpZHRoIjoiMiIsInNpbmdsZV9oZWlnaHQiOiIyIn0sIjQ1NzhfaSI6eyJzaW5nbGVfd2lkdGgiOiIyIiwic2luZ2xlX2hlaWdodCI6IjIifSwiNDM5M19pIjp7InNpbmdsZV93aWR0aCI6IjIiLCJzaW5nbGVfaGVpZ2h0IjoiMiJ9LCI0MTY3X2kiOnsic2luZ2xlX3dpZHRoIjoiMiIsInNpbmdsZV9oZWlnaHQiOiIyIn0sIjQxNjNfaSI6eyJzaW5nbGVfaGVpZ2h0IjoiMiJ9LCI0MTYwX2kiOnsic2luZ2xlX2hlaWdodCI6IjIifSwiNDE1NF9pIjp7InNpbmdsZV93aWR0aCI6IjYiLCJzaW5nbGVfaGVpZ2h0IjoiNCJ9LCI0MDg3X2kiOnsic2luZ2xlX3dpZHRoIjoiNiIsInNpbmdsZV9oZWlnaHQiOiI0In0sIjQwNjVfaSI6eyJzaW5nbGVfd2lkdGgiOiI2Iiwic2luZ2xlX2hlaWdodCI6IjQifSwiNDA3OF9pIjp7InNpbmdsZV93aWR0aCI6IjYiLCJzaW5nbGVfaGVpZ2h0IjoiNCJ9LCI3NDA1N19pIjp7InNpbmdsZV9saW5rIjoidXJsOmh0dHAlM0ElMkYlMkZyZXh1bml2ZXJzYWwuY29tJTJGY3VzdG9taXplZC1tYXJrZXRpbmctc3RyYXRlZ3klMkZ8fHwiLCJiYWNrX2ltYWdlIjoiNzMwMDIiLCJzaW5nbGVfbGF5b3V0X3BhZ2VfaXRlbXMiOiJ0aXRsZSx0ZXh0fGV4Y2VycHQsY2F0ZWdvcnksbWVkaWF8ZmVhdHVyZWR8b25wb3N0fG9yaWdpbmFsIn0sIjc0MDQxX2kiOnsic2luZ2xlX2hlaWdodCI6IjYiLCJzaW5nbGVfd2lkdGgiOiIzIn0sIjc0MjI5X2kiOnsic2luZ2xlX3dpZHRoIjoiNiIsInNpbmdsZV9oZWlnaHQiOiIzIn0sIjc1MjMzX2kiOnsic2luZ2xlX2xpbmsiOiJ1cmw6aHR0cCUzQSUyRiUyRnJleHVuaXZlcnNhbC5jb20lMkZzb2NpYWwtbWVkaWEtc3RyYXRlZ3klMkZ8fHwiLCJiYWNrX2ltYWdlIjoiNzMwMTMiLCJzaW5nbGVfbGF5b3V0X3BhZ2VfaXRlbXMiOiJ0aXRsZSx0ZXh0fGV4Y2VycHQsY2F0ZWdvcnksbWVkaWF8ZmVhdHVyZWR8b25wb3N0fG9yaWdpbmFsIiwic2luZ2xlX2hlaWdodCI6IjYifSwiNzUyODBfaSI6eyJzaW5nbGVfd2lkdGgiOiI2In0sIjc2NzY4X2kiOnsic2luZ2xlX2hlaWdodCI6IjMifSwiNzY3MjNfaSI6eyJzaW5nbGVfd2lkdGgiOiIzIn0sIjg1NTI5X2kiOnsic2luZ2xlX2hlaWdodCI6IjYifX0=\u00bb single_title_bold=\u00bbyes\u00bb footer_position=\u00bbleft\u00bb filtering_transform=\u00bbuppercase\u00bb order_ids=\u00bb85529,76743,76800,76792,76768,76723,86974&#8243; uncode_shortcode_id=\u00bb848985&#8243; footer_back_color_type=\u00bbuncode-palette\u00bb][\/vc_column][\/vc_row]<\/p>\n<\/div>","protected":false},"excerpt":{"rendered":"<p>[vc_row unlock_row_content=\u00bbyes\u00bb row_height_percent=\u00bb0&#8243; override_padding=\u00bbyes\u00bb h_padding=\u00bb0&#8243; top_padding=\u00bb0&#8243; bottom_padding=\u00bb0&#8243; overlay_alpha=\u00bb100&#8243; equal_height=\u00bbyes\u00bb gutter_size=\u00bb0&#8243; shift_y=\u00bb0&#8243; style=\u00bbinherited\u00bb][vc_column column_width_percent=\u00bb100&#8243; position_horizontal=\u00bbleft\u00bb gutter_size=\u00bb3&#8243; override_padding=\u00bbyes\u00bb column_padding=\u00bb5&#8243; back_color=\u00bbcolor-xsdn\u00bb overlay_alpha=\u00bb100&#8243; shift_x=\u00bb0&#8243; [&hellip;]<\/p>\n","protected":false},"author":2,"featured_media":89150,"parent":0,"menu_order":0,"comment_status":"closed","ping_status":"closed","template":"","meta":{"footnotes":""},"class_list":["post-76723","page","type-page","status-publish","has-post-thumbnail","hentry","page_category-rexuniversal-es"],"_links":{"self":[{"href":"https:\/\/rexuniversal.com\/es\/wp-json\/wp\/v2\/pages\/76723","targetHints":{"allow":["GET"]}}],"collection":[{"href":"https:\/\/rexuniversal.com\/es\/wp-json\/wp\/v2\/pages"}],"about":[{"href":"https:\/\/rexuniversal.com\/es\/wp-json\/wp\/v2\/types\/page"}],"author":[{"embeddable":true,"href":"https:\/\/rexuniversal.com\/es\/wp-json\/wp\/v2\/users\/2"}],"replies":[{"embeddable":true,"href":"https:\/\/rexuniversal.com\/es\/wp-json\/wp\/v2\/comments?post=76723"}],"version-history":[{"count":8,"href":"https:\/\/rexuniversal.com\/es\/wp-json\/wp\/v2\/pages\/76723\/revisions"}],"predecessor-version":[{"id":89236,"href":"https:\/\/rexuniversal.com\/es\/wp-json\/wp\/v2\/pages\/76723\/revisions\/89236"}],"wp:featuredmedia":[{"embeddable":true,"href":"https:\/\/rexuniversal.com\/es\/wp-json\/wp\/v2\/media\/89150"}],"wp:attachment":[{"href":"https:\/\/rexuniversal.com\/es\/wp-json\/wp\/v2\/media?parent=76723"}],"curies":[{"name":"wp","href":"https:\/\/api.w.org\/{rel}","templated":true}]}}