{"id":76743,"date":"2018-09-24T13:50:17","date_gmt":"2018-09-24T12:50:17","guid":{"rendered":"https:\/\/rexuniversal.com\/?page_id=76743"},"modified":"2023-09-14T12:15:52","modified_gmt":"2023-09-14T11:15:52","slug":"creacion-de-paginas-web","status":"publish","type":"page","link":"https:\/\/rexuniversal.com\/es\/creacion-de-paginas-web\/","title":{"rendered":"Creaci\u00f3n de p\u00e1ginas web"},"content":{"rendered":"<div class=\"wpb-content-wrapper\"><p>[vc_row unlock_row_content=\u00bbyes\u00bb row_height_percent=\u00bb0&#8243; override_padding=\u00bbyes\u00bb h_padding=\u00bb0&#8243; top_padding=\u00bb0&#8243; bottom_padding=\u00bb0&#8243; overlay_alpha=\u00bb100&#8243; equal_height=\u00bbyes\u00bb gutter_size=\u00bb0&#8243; shift_y=\u00bb0&#8243; style=\u00bbinherited\u00bb][vc_column column_width_percent=\u00bb100&#8243; position_horizontal=\u00bbleft\u00bb gutter_size=\u00bb3&#8243; override_padding=\u00bbyes\u00bb column_padding=\u00bb5&#8243; back_color=\u00bbcolor-xsdn\u00bb overlay_alpha=\u00bb100&#8243; shift_x=\u00bb0&#8243; shift_y=\u00bb0&#8243; z_index=\u00bb0&#8243; medium_width=\u00bb100&#8243; zoom_width=\u00bb0&#8243; zoom_height=\u00bb0&#8243; width=\u00bb1\/3&#8243; safe_padding=\u00bbyes\u00bb][vc_custom_heading heading_semantic=\u00bbh3&#8243; text_font=\u00bbfont-597343&#8243; text_size=\u00bbh3&#8243; text_weight=\u00bb700&#8243; text_transform=\u00bbuppercase\u00bb uncode_shortcode_id=\u00bb632834&#8243;]QUE TUS SUE\u00d1OS WEB SE HAGAN REALIDAD[\/vc_custom_heading][vc_separator sep_color=\u00bb,Default\u00bb][vc_column_text text_lead=\u00bbyes\u00bb uncode_shortcode_id=\u00bb100706&#8243;]Tu sitio web es tu puerta de entrada virtual, la primera impresi\u00f3n que importa de verdad.<\/p>\n<p>Cada segundo cuenta como una oportunidad para conectar con nuevos clientes. Imagina las emocionantes posibilidades cuando los visitantes disfrutan de un sitio web r\u00e1pido y actualizado. Con cada clic, no solo mantienes a los clientes; sino que crea una oportunidad de dejar una impresi\u00f3n positiva.[\/vc_column_text][\/vc_column][vc_column column_width_percent=\u00bb100&#8243; position_horizontal=\u00bbleft\u00bb gutter_size=\u00bb3&#8243; override_padding=\u00bbyes\u00bb column_padding=\u00bb5&#8243; back_color=\u00bbcolor-lxmt\u00bb overlay_alpha=\u00bb0&#8243; shift_x=\u00bb0&#8243; shift_y=\u00bb0&#8243; z_index=\u00bb0&#8243; medium_width=\u00bb100&#8243; zoom_width=\u00bb0&#8243; zoom_height=\u00bb0&#8243; width=\u00bb2\/3&#8243; safe_padding=\u00bbyes\u00bb][vc_row_inner row_inner_height_percent=\u00bb0&#8243; overlay_alpha=\u00bb50&#8243; gutter_size=\u00bb4&#8243; shift_y=\u00bb0&#8243; limit_content=\u00bb\u00bb][vc_column_inner width=\u00bb1\/2&#8243;][vc_icon icon=\u00bbfa fa-gears2&#8243; icon_image=\u00bb88980&#8243; icon_color=\u00bbcolor-104936&#8243; text_size=\u00bbh4&#8243; css_animation=\u00bbbottom-t-top\u00bb animation_delay=\u00bb400&#8243; align=\u00bbleft\u00bb title=\u00bbAn\u00e1lisis y redise\u00f1o de sitios web\u00bb uncode_shortcode_id=\u00bb124106&#8243; icon_color_type=\u00bbuncode-palette\u00bb]Cuando tu sitio web actual no cumple tus objetivos, es hora de un cambio. Nuestros servicios especializados de An\u00e1lisis y Redise\u00f1o de sitios web te ayudan a identificar los problemas con tu sitio web actual y proporcionan nuevas soluciones.<\/p>\n<ul>\n<li><strong>An\u00e1lisis de sitios web:<\/strong> profundizamos para encontrar los problemas que est\u00e1n afectando el rendimiento de tu sitio web. Desde problemas de experiencia del usuario hasta fallos de funcionalidad, no pasamos por alto ning\u00fan detalle.<\/li>\n<li><strong>Redise\u00f1o:<\/strong> estamos reemplazando lo antiguo por lo innovador. Nuestro proceso de redise\u00f1o es como un cambio de imagen digital, no solo se trata de la apariencia, sino de brindar una experiencia completamente nueva a tus usuarios.<\/li>\n<li><strong>Transici\u00f3n fluida:<\/strong> el cambio puede dar miedo, pero con nosotros, es pan comido. Nuestros expertos se encargan de todo el proceso de redise\u00f1o. Sin estr\u00e9s, solo progreso.<\/li>\n<\/ul>\n<p>[\/vc_icon][\/vc_column_inner][vc_column_inner width=\u00bb1\/2&#8243;][vc_icon icon=\u00bbfa fa-pie-chart2&#8243; icon_image=\u00bb88931&#8243; icon_color=\u00bbcolor-104936&#8243; text_size=\u00bbh4&#8243; css_animation=\u00bbbottom-t-top\u00bb animation_delay=\u00bb600&#8243; align=\u00bbleft\u00bb title=\u00bbSEO and Google Ads\u00bb uncode_shortcode_id=\u00bb390170&#8243; icon_color_type=\u00bbuncode-palette\u00bb]En un paisaje digital lleno de competencia, destacar es clave. Nuestros servicios de SEO y Google Ads est\u00e1n dise\u00f1ados para elevar tu visibilidad online, asegurando que tu marca brille donde m\u00e1s importa. Con estrategias personalizadas, optimizamos tu sitio web para escalar las clasificaciones de los motores de b\u00fasqueda de manera org\u00e1nica, atrayendo a la audiencia adecuada. Pero eso no es todo, tambi\u00e9n utilizamos el poder de Google Ads para poner tu marca en la parte superior de los resultados de b\u00fasqueda y sitios web espec\u00edficos.[\/vc_icon][\/vc_column_inner][\/vc_row_inner][vc_row_inner][vc_column_inner width=\u00bb1\/2&#8243;][vc_icon icon=\u00bbfa fa-desktop2&#8243; icon_image=\u00bb88983&#8243; icon_color=\u00bbcolor-104936&#8243; text_size=\u00bbh4&#8243; css_animation=\u00bbbottom-t-top\u00bb animation_delay=\u00bb200&#8243; align=\u00bbleft\u00bb title=\u00bbSoluciones web efectivas\u00bb uncode_shortcode_id=\u00bb855591&#8243; icon_color_type=\u00bbuncode-palette\u00bb]Evaluamos el modelo de negocio de tu empresa y construimos un sitio web informativo que sea f\u00e1cil de usar y mantener. Adem\u00e1s, identificamos las fortalezas clave de tu negocio para generar tr\u00e1fico dirigido a tu sitio. Desde el momento en que los visitantes llegan a tu p\u00e1gina de inicio, captamos su inter\u00e9s, los guiamos m\u00e1s profundamente en la historia de tu marca y los invitamos a tomar medidas. \u00bfQu\u00e9 nos diferencia? Nuestro compromiso de asegurarnos de que tu sitio web destaque en los motores de b\u00fasqueda. A trav\u00e9s de un dise\u00f1o simple, limpio y receptivo, comenzaremos el viaje donde los clics se convierten en conversiones.<\/p>\n<p><em>Sitios web que ofrecemos:<\/em><\/p>\n<ul>\n<li>Sitio web basado en CMS: nos especializamos en crear Sistemas de Gesti\u00f3n de Contenido personalizables que te ponen a cargo. Actualiza, modifica y gestiona tu sitio web sin esfuerzo y sin dificultades t\u00e9cnicas.<\/li>\n<\/ul>\n<p>[\/vc_icon][\/vc_column_inner][vc_column_inner width=\u00bb1\/2&#8243;][vc_empty_space empty_h=\u00bb1&#8243;][vc_icon icon_image=\u00bb89077&#8243; icon_color=\u00bbcolor-104936&#8243; text_size=\u00bbh4&#8243; css_animation=\u00bbbottom-t-top\u00bb animation_delay=\u00bb200&#8243; align=\u00bbleft\u00bb uncode_shortcode_id=\u00bb129519&#8243; icon_color_type=\u00bbuncode-palette\u00bb]<\/p>\n<ul>\n<li>Desbloquea un mundo de posibilidades al mostrar y vender tus productos o servicios con facilidad. Nuestras soluciones de comercio electr\u00f3nico dise\u00f1adas por expertos ofrecen una navegaci\u00f3n fluida, transacciones seguras y una experiencia de compra atractiva para tus clientes. Adem\u00e1s, te ayudamos a encontrar la soluci\u00f3n de pago perfecta, lo que te permite centrarte \u00fanicamente en vender tus productos o servicios.<\/li>\n<li>Sitios web personalizados: sin plantillas, sin limitaciones, solo un sitio web tan distintivo como tu marca. Nuestro equipo de desarrolladores y dise\u00f1adores expertos colabora estrechamente para crear una obra maestra digital que represente tu marca. Si puedes imaginarlo, podemos construirlo.<\/li>\n<\/ul>\n<p>[\/vc_icon][\/vc_column_inner][\/vc_row_inner][\/vc_column][\/vc_row][vc_row unlock_row_content=\u00bbyes\u00bb row_height_percent=\u00bb0&#8243; override_padding=\u00bbyes\u00bb h_padding=\u00bb2&#8243; top_padding=\u00bb2&#8243; bottom_padding=\u00bb2&#8243; back_color=\u00bbcolor-104936&#8243; overlay_alpha=\u00bb80&#8243; gutter_size=\u00bb4&#8243; column_width_use_pixel=\u00bbyes\u00bb shift_y=\u00bb0&#8243; z_index=\u00bb0&#8243; row_height_pixel=\u00bb100&#8243;][vc_column column_width_percent=\u00bb100&#8243; gutter_size=\u00bb3&#8243; style=\u00bbdark\u00bb overlay_alpha=\u00bb50&#8243; shift_x=\u00bb0&#8243; shift_y=\u00bb0&#8243; shift_y_down=\u00bb0&#8243; z_index=\u00bb0&#8243; medium_width=\u00bb0&#8243; mobile_width=\u00bb0&#8243; width=\u00bb1\/1&#8243;][vc_gallery el_id=\u00bbgallery-35677&#8243; type=\u00bbcarousel\u00bb random=\u00bbyes\u00bb medias=\u00bb74329,74331,74332,74333&#8243; carousel_lg=\u00bb1&#8243; carousel_md=\u00bb1&#8243; carousel_sm=\u00bb1&#8243; gutter_size=\u00bb0&#8243; media_items=\u00bbicon,media|lightbox|original\u00bb carousel_v_align=\u00bbmiddle\u00bb carousel_type=\u00bbfade\u00bb carousel_interval=\u00bb5000&#8243; carousel_navspeed=\u00bb400&#8243; carousel_loop=\u00bbyes\u00bb carousel_dots=\u00bbyes\u00bb carousel_dots_mobile=\u00bbyes\u00bb carousel_autoh=\u00bbyes\u00bb carousel_textual=\u00bbyes\u00bb stage_padding=\u00bb0&#8243; single_overlay_opacity=\u00bb50&#8243; single_padding=\u00bb0&#8243; single_title_family=\u00bbfont-134980&#8243; single_title_dimension=\u00bbh2&#8243; single_title_height=\u00bbfontheight-524109&#8243; single_css_animation=\u00bbleft-t-right\u00bb single_animation_delay=\u00bb500&#8243; carousel_twitter=\u00bbyes\u00bb title=\u00bbTestimonials\u00bb items=\u00bbeyI3NDMyOV9pIjp7InNpbmdsZV9oX3Bvc2l0aW9uIjoiY2VudGVyIiwic2luZ2xlX2hfYWxpZ24iOiJjZW50ZXIiLCJzaW5nbGVfdGl0bGVfZmFtaWx5IjoiIn0sIjc0MzMxX2kiOnsic2luZ2xlX3RpdGxlX2ZhbWlseSI6IiIsInNpbmdsZV9oX3Bvc2l0aW9uIjoiY2VudGVyIiwic2luZ2xlX2hfYWxpZ24iOiJjZW50ZXIifSwiNzQzMzJfaSI6eyJzaW5nbGVfdGl0bGVfZmFtaWx5IjoiIiwic2luZ2xlX2hfcG9zaXRpb24iOiJjZW50ZXIiLCJzaW5nbGVfaF9hbGlnbiI6ImNlbnRlciJ9LCI3NDMzM19pIjp7InNpbmdsZV90aXRsZV9mYW1pbHkiOiIiLCJzaW5nbGVfaF9wb3NpdGlvbiI6ImNlbnRlciIsInNpbmdsZV9oX2FsaWduIjoiY2VudGVyIn19&#8243;][\/vc_column][\/vc_row][vc_row][vc_column width=\u00bb1\/1&#8243;][vc_gallery el_id=\u00bbgallery-939213&#8243; medias=\u00bb88908,88903,77776,77785&#8243; gutter_size=\u00bb3&#8243; screen_lg=\u00bb1000&#8243; screen_md=\u00bb600&#8243; screen_sm=\u00bb480&#8243; single_width=\u00bb6&#8243; single_overlay_opacity=\u00bb50&#8243; single_padding=\u00bb2&#8243; items=\u00bbeyI3Nzc3M19pIjp7InNpbmdsZV9saW5rIjoidXJsOmh0dHBzJTNBJTJGJTJGYmxhY2tzaGF3aW50ZXJpb3JkZXNpZ24uY29tJTJGfHx0YXJnZXQ6JTIwX2JsYW5rfHJlbDpub2ZvbGxvdyJ9LCI3Nzc3Nl9pIjp7InNpbmdsZV9saW5rIjoidXJsOmh0dHBzJTNBJTJGJTJGYmxhY2tzaGF3aW50ZXJpb3JkZXNpZ24uY29tJTJGfHx0YXJnZXQ6JTIwX2JsYW5rfHJlbDpub2ZvbGxvdyIsInNpbmdsZV9sYXlvdXRfbWVkaWFfaXRlbXMiOiJtZWRpYXxjdXN0b21fbGlua3xvcmlnaW5hbCxpY29uIn0sIjc3Nzc5X2kiOnsic2luZ2xlX2xpbmsiOiJ1cmw6aHR0cHMlM0ElMkYlMkZyZXhtYXJiZWxsYS5jb20lMkZ8fHRhcmdldDolMjBfYmxhbmt8Iiwic2luZ2xlX2xheW91dF9tZWRpYV9pdGVtcyI6Im1lZGlhfGN1c3RvbV9saW5rfG9yaWdpbmFsLGljb24ifSwiNzc3ODJfaSI6eyJzaW5nbGVfbGluayI6IiIsInNpbmdsZV9sYXlvdXRfbWVkaWFfaXRlbXMiOiJtZWRpYXxjdXN0b21fbGlua3xvcmlnaW5hbCxpY29uIn0sIjc3Nzg1X2kiOnsic2luZ2xlX2xpbmsiOiJ1cmw6aHR0cCUzQSUyRiUyRmNobG9lcy5lc3RhdGUlMkZ8fHRhcmdldDolMjBfYmxhbmt8cmVsOm5vZm9sbG93Iiwic2luZ2xlX2xheW91dF9tZWRpYV9pdGVtcyI6Im1lZGlhfGN1c3RvbV9saW5rfG9yaWdpbmFsLGljb24ifSwiODg5MDNfaSI6eyJzaW5nbGVfbGluayI6InVybDpodHRwcyUzQSUyRiUyRmJsYWNrc2hhd2VzdGF0ZXMuY29tJTJGfHRhcmdldDpfYmxhbmt8cmVsOm5vZm9sbG93Iiwic2luZ2xlX2xheW91dF9tZWRpYV9pdGVtcyI6Im1lZGlhfGN1c3RvbV9saW5rfG9yaWdpbmFsLGljb24ifSwiODg5MDhfaSI6eyJzaW5nbGVfbGluayI6InVybDpodHRwcyUzQSUyRiUyRnBsZXkuZWUlMkZ8dGFyZ2V0Ol9ibGFua3xyZWw6bm9mb2xsb3ciLCJzaW5nbGVfbGF5b3V0X21lZGlhX2l0ZW1zIjoibWVkaWF8Y3VzdG9tX2xpbmt8b3JpZ2luYWwsaWNvbiJ9fQ==\u00bb uncode_shortcode_id=\u00bb154482&#8243;][\/vc_column][\/vc_row][vc_row unlock_row_content=\u00bbyes\u00bb row_height_percent=\u00bb0&#8243; override_padding=\u00bbyes\u00bb h_padding=\u00bb0&#8243; top_padding=\u00bb0&#8243; bottom_padding=\u00bb0&#8243; back_color=\u00bbcolor-rgdb\u00bb overlay_alpha=\u00bb100&#8243; gutter_size=\u00bb100&#8243; shift_y=\u00bb0&#8243; style=\u00bbinherited\u00bb][vc_column column_width_percent=\u00bb100&#8243; gutter_size=\u00bb3&#8243; font_family=\u00bbfont-134980&#8243; overlay_alpha=\u00bb50&#8243; shift_x=\u00bb0&#8243; shift_y=\u00bb0&#8243; z_index=\u00bb0&#8243; medium_width=\u00bb0&#8243; width=\u00bb1\/1&#8243;][uncode_index el_id=\u00bbindex-476895211&#8243; loop=\u00bbsize:7|order_by:menu_order|order:ASC|post_type:page|by_id:85529,76792,76723,76800,76743,76768,86974|taxonomy_count:10&#8243; style_preset=\u00bbmetro\u00bb screen_lg=\u00bb1200&#8243; screen_md=\u00bb960&#8243; screen_sm=\u00bb480&#8243; gutter_size=\u00bb0&#8243; post_items=\u00bbtitle,media,text,link,author,date,category,extra\u00bb page_items=\u00bbtitle,text|excerpt,media|featured|onpost|original\u00bb product_items=\u00bbtitle,media,text,category,price\u00bb portfolio_items=\u00bbmedia|featured|onpost|original,title\u00bb footer_style=\u00bbdark\u00bb footer_back_color=\u00bbaccent\u00bb single_text=\u00bboverlay\u00bb single_width=\u00bb3&#8243; single_height=\u00bb3&#8243; single_overlay_color=\u00bbcolor-nhtu\u00bb single_overlay_opacity=\u00bb30&#8243; single_h_align=\u00bbcenter\u00bb single_padding=\u00bb2&#8243; single_title_family=\u00bbfont-597343&#8243; single_title_dimension=\u00bbh2&#8243; single_title_weight=\u00bb700&#8243; single_title_transform=\u00bbcapitalize\u00bb single_text_lead=\u00bbyes\u00bb single_border=\u00bbyes\u00bb single_css_animation=\u00bbbottom-t-top\u00bb single_animation_delay=\u00bb200&#8243; custom_order=\u00bbyes\u00bb lbox_title=\u00bbyes\u00bb lbox_caption=\u00bbyes\u00bb lbox_deep=\u00bbyes\u00bb single_block_click=\u00bbyes\u00bb single_text_hover=\u00bbyes\u00bb items=\u00bbeyI0NjI1X2kiOnsic2luZ2xlX3dpZHRoIjoiNiJ9LCI0NTgxX2kiOnsic2luZ2xlX3dpZHRoIjoiMiIsInNpbmdsZV9oZWlnaHQiOiIyIn0sIjQ1NzhfaSI6eyJzaW5nbGVfd2lkdGgiOiIyIiwic2luZ2xlX2hlaWdodCI6IjIifSwiNDM5M19pIjp7InNpbmdsZV93aWR0aCI6IjIiLCJzaW5nbGVfaGVpZ2h0IjoiMiJ9LCI0MTY3X2kiOnsic2luZ2xlX3dpZHRoIjoiMiIsInNpbmdsZV9oZWlnaHQiOiIyIn0sIjQxNjNfaSI6eyJzaW5nbGVfaGVpZ2h0IjoiMiJ9LCI0MTYwX2kiOnsic2luZ2xlX2hlaWdodCI6IjIifSwiNDE1NF9pIjp7InNpbmdsZV93aWR0aCI6IjYiLCJzaW5nbGVfaGVpZ2h0IjoiNCJ9LCI0MDg3X2kiOnsic2luZ2xlX3dpZHRoIjoiNiIsInNpbmdsZV9oZWlnaHQiOiI0In0sIjQwNjVfaSI6eyJzaW5nbGVfd2lkdGgiOiI2Iiwic2luZ2xlX2hlaWdodCI6IjQifSwiNDA3OF9pIjp7InNpbmdsZV93aWR0aCI6IjYiLCJzaW5nbGVfaGVpZ2h0IjoiNCJ9LCI3NDA1N19pIjp7InNpbmdsZV9saW5rIjoidXJsOmh0dHAlM0ElMkYlMkZyZXh1bml2ZXJzYWwuY29tJTJGY3VzdG9taXplZC1tYXJrZXRpbmctc3RyYXRlZ3klMkZ8fHwiLCJiYWNrX2ltYWdlIjoiNzMwMDIiLCJzaW5nbGVfbGF5b3V0X3BhZ2VfaXRlbXMiOiJ0aXRsZSx0ZXh0fGV4Y2VycHQsY2F0ZWdvcnksbWVkaWF8ZmVhdHVyZWR8b25wb3N0fG9yaWdpbmFsIn0sIjc0MDQxX2kiOnsic2luZ2xlX2hlaWdodCI6IjYiLCJzaW5nbGVfd2lkdGgiOiIzIn0sIjc0MjI5X2kiOnsic2luZ2xlX3dpZHRoIjoiNiIsInNpbmdsZV9oZWlnaHQiOiIzIn0sIjc1MjMzX2kiOnsic2luZ2xlX2xpbmsiOiJ1cmw6aHR0cCUzQSUyRiUyRnJleHVuaXZlcnNhbC5jb20lMkZzb2NpYWwtbWVkaWEtc3RyYXRlZ3klMkZ8fHwiLCJiYWNrX2ltYWdlIjoiNzMwMTMiLCJzaW5nbGVfbGF5b3V0X3BhZ2VfaXRlbXMiOiJ0aXRsZSx0ZXh0fGV4Y2VycHQsY2F0ZWdvcnksbWVkaWF8ZmVhdHVyZWR8b25wb3N0fG9yaWdpbmFsIiwic2luZ2xlX2hlaWdodCI6IjYifSwiNzUyODBfaSI6eyJzaW5nbGVfd2lkdGgiOiI2In0sIjc2NzY4X2kiOnsic2luZ2xlX2hlaWdodCI6IjMifSwiNzY3MjNfaSI6eyJzaW5nbGVfd2lkdGgiOiIzIn0sIjg1NTI5X2kiOnsic2luZ2xlX2hlaWdodCI6IjYifX0=\u00bb single_title_bold=\u00bbyes\u00bb footer_position=\u00bbleft\u00bb filtering_transform=\u00bbuppercase\u00bb order_ids=\u00bb85529,76743,76800,76792,76768,76723,86974&#8243; uncode_shortcode_id=\u00bb848985&#8243; footer_back_color_type=\u00bbuncode-palette\u00bb][\/vc_column][\/vc_row]<\/p>\n<\/div>","protected":false},"excerpt":{"rendered":"<p>[vc_row unlock_row_content=\u00bbyes\u00bb row_height_percent=\u00bb0&#8243; override_padding=\u00bbyes\u00bb h_padding=\u00bb0&#8243; top_padding=\u00bb0&#8243; bottom_padding=\u00bb0&#8243; overlay_alpha=\u00bb100&#8243; equal_height=\u00bbyes\u00bb gutter_size=\u00bb0&#8243; shift_y=\u00bb0&#8243; style=\u00bbinherited\u00bb][vc_column column_width_percent=\u00bb100&#8243; position_horizontal=\u00bbleft\u00bb gutter_size=\u00bb3&#8243; override_padding=\u00bbyes\u00bb column_padding=\u00bb5&#8243; back_color=\u00bbcolor-xsdn\u00bb overlay_alpha=\u00bb100&#8243; shift_x=\u00bb0&#8243; [&hellip;]<\/p>\n","protected":false},"author":1,"featured_media":86988,"parent":0,"menu_order":0,"comment_status":"closed","ping_status":"closed","template":"","meta":{"footnotes":""},"class_list":["post-76743","page","type-page","status-publish","has-post-thumbnail","hentry","page_category-rexuniversal-es"],"_links":{"self":[{"href":"https:\/\/rexuniversal.com\/es\/wp-json\/wp\/v2\/pages\/76743","targetHints":{"allow":["GET"]}}],"collection":[{"href":"https:\/\/rexuniversal.com\/es\/wp-json\/wp\/v2\/pages"}],"about":[{"href":"https:\/\/rexuniversal.com\/es\/wp-json\/wp\/v2\/types\/page"}],"author":[{"embeddable":true,"href":"https:\/\/rexuniversal.com\/es\/wp-json\/wp\/v2\/users\/1"}],"replies":[{"embeddable":true,"href":"https:\/\/rexuniversal.com\/es\/wp-json\/wp\/v2\/comments?post=76743"}],"version-history":[{"count":5,"href":"https:\/\/rexuniversal.com\/es\/wp-json\/wp\/v2\/pages\/76743\/revisions"}],"predecessor-version":[{"id":89230,"href":"https:\/\/rexuniversal.com\/es\/wp-json\/wp\/v2\/pages\/76743\/revisions\/89230"}],"wp:featuredmedia":[{"embeddable":true,"href":"https:\/\/rexuniversal.com\/es\/wp-json\/wp\/v2\/media\/86988"}],"wp:attachment":[{"href":"https:\/\/rexuniversal.com\/es\/wp-json\/wp\/v2\/media?parent=76743"}],"curies":[{"name":"wp","href":"https:\/\/api.w.org\/{rel}","templated":true}]}}