{"id":76768,"date":"2018-09-24T11:44:31","date_gmt":"2018-09-24T10:44:31","guid":{"rendered":"https:\/\/rexuniversal.com\/?page_id=76768"},"modified":"2023-09-14T12:19:08","modified_gmt":"2023-09-14T11:19:08","slug":"estrategia-de-redes-sociales","status":"publish","type":"page","link":"https:\/\/rexuniversal.com\/es\/estrategia-de-redes-sociales\/","title":{"rendered":"Estrategia de redes sociales"},"content":{"rendered":"<div class=\"wpb-content-wrapper\"><p>[vc_row unlock_row_content=\u00bbyes\u00bb row_height_percent=\u00bb0&#8243; override_padding=\u00bbyes\u00bb h_padding=\u00bb0&#8243; top_padding=\u00bb0&#8243; bottom_padding=\u00bb0&#8243; overlay_alpha=\u00bb100&#8243; equal_height=\u00bbyes\u00bb gutter_size=\u00bb0&#8243; shift_y=\u00bb0&#8243; style=\u00bbinherited\u00bb][vc_column column_width_percent=\u00bb100&#8243; position_horizontal=\u00bbleft\u00bb gutter_size=\u00bb3&#8243; override_padding=\u00bbyes\u00bb column_padding=\u00bb5&#8243; back_color=\u00bbcolor-xsdn\u00bb overlay_alpha=\u00bb100&#8243; shift_x=\u00bb0&#8243; shift_y=\u00bb0&#8243; z_index=\u00bb0&#8243; medium_width=\u00bb100&#8243; zoom_width=\u00bb0&#8243; zoom_height=\u00bb0&#8243; width=\u00bb1\/3&#8243; safe_padding=\u00bbyes\u00bb][vc_custom_heading heading_semantic=\u00bbh3&#8243; text_font=\u00bbfont-597343&#8243; text_size=\u00bbh3&#8243; text_weight=\u00bb700&#8243; text_transform=\u00bbuppercase\u00bb]SOMOS UN GRUPO SOCIABLE[\/vc_custom_heading][vc_separator sep_color=\u00bb,Default\u00bb][vc_column_text text_lead=\u00bbyes\u00bb uncode_shortcode_id=\u00bb820620&#8243;]En el mundo acelerado actual, ganar los corazones y mentes de tu audiencia requiere m\u00e1s que solo suerte: necesitas un enfoque estrat\u00e9gico que destaque. Imagina que acabas de hacer la mejor taza de caf\u00e9, pero est\u00e1 escondida en un lugar tranquilo. Sin el aroma flotando en el aire, \u00bfc\u00f3mo sabr\u00e1 alguien lo que se est\u00e1 perdiendo? Ah\u00ed es donde entran en juego nuestros Servicios de Marketing Estrat\u00e9gico, armados con estrategias que no solo difunden la fragancia de tu marca, sino que tambi\u00e9n que sea la comidilla de la ciudad.[\/vc_column_text][\/vc_column][vc_column column_width_percent=\u00bb100&#8243; position_horizontal=\u00bbleft\u00bb gutter_size=\u00bb3&#8243; override_padding=\u00bbyes\u00bb column_padding=\u00bb5&#8243; back_color=\u00bbcolor-lxmt\u00bb overlay_alpha=\u00bb0&#8243; shift_x=\u00bb0&#8243; shift_y=\u00bb0&#8243; z_index=\u00bb0&#8243; medium_width=\u00bb100&#8243; zoom_width=\u00bb0&#8243; zoom_height=\u00bb0&#8243; width=\u00bb2\/3&#8243; safe_padding=\u00bbyes\u00bb][vc_row_inner row_inner_height_percent=\u00bb0&#8243; overlay_alpha=\u00bb50&#8243; gutter_size=\u00bb4&#8243; shift_y=\u00bb0&#8243; limit_content=\u00bb\u00bb][vc_column_inner width=\u00bb1\/2&#8243;][vc_icon icon=\u00bbfa fa-desktop2&#8243; icon_image=\u00bb88965&#8243; icon_color=\u00bbcolor-104936&#8243; text_size=\u00bbh4&#8243; css_animation=\u00bbbottom-t-top\u00bb animation_delay=\u00bb200&#8243; align=\u00bbleft\u00bb title=\u00bbBranding\u00bb uncode_shortcode_id=\u00bb408012&#8243; icon_color_type=\u00bbuncode-palette\u00bb]<em>Se inolvidable<\/em><\/p>\n<p>Una marca sin directrices carece de identidad. Nuestras directrices de marca personalizadas proporcionan la base para tu historia \u00fanica. Creamos logotipos que capturan tu visi\u00f3n, elegimos colores para evocar emociones y fuentes que hablan tus palabras. Combinamos estos elementos para crear una marca verdaderamente \u00fanica.[\/vc_icon][vc_empty_space empty_h=\u00bb0&#8243;][\/vc_column_inner][vc_column_inner width=\u00bb1\/2&#8243;][vc_icon icon=\u00bbfa fa-smartphone\u00bb icon_image=\u00bb89185&#8243; icon_color=\u00bbcolor-104936&#8243; text_size=\u00bbh4&#8243; css_animation=\u00bbbottom-t-top\u00bb animation_delay=\u00bb400&#8243; align=\u00bbleft\u00bb title=\u00bbEstrategia de marketing y an\u00e1lisis\u00bb uncode_shortcode_id=\u00bb384284&#8243; icon_color_type=\u00bbuncode-palette\u00bb]<em>Tu ruta de marketing<\/em><\/p>\n<p>Piensa en una estrategia de marketing como el GPS de confianza de tu negocio. Este plan detallar\u00e1 tu p\u00fablico objetivo, ventaja competitiva y canales de distribuci\u00f3n \u00f3ptimos. En un mundo donde los datos hablan mucho, nuestros expertos en an\u00e1lisis trabajan con los n\u00fameros para asegurarse de que la estrategia siempre est\u00e9 dirigida en la direcci\u00f3n correcta.[\/vc_icon][vc_empty_space empty_h=\u00bb0&#8243;][\/vc_column_inner][\/vc_row_inner][vc_row_inner][vc_column_inner width=\u00bb1\/2&#8243;][vc_icon icon=\u00bbfa fa-smartphone\u00bb icon_image=\u00bb88920&#8243; icon_color=\u00bbcolor-104936&#8243; text_size=\u00bbh4&#8243; css_animation=\u00bbbottom-t-top\u00bb animation_delay=\u00bb400&#8243; align=\u00bbleft\u00bb title=\u00bbServicios de marketing online y offline\u00bb uncode_shortcode_id=\u00bb827303&#8243; icon_color_type=\u00bbuncode-palette\u00bb]<em>Disfruta de lo mejor de ambos mundos<\/em><\/p>\n<p><strong>Campa\u00f1as de marketing por correo electr\u00f3nico: conecta y convierte<\/strong><\/p>\n<p>En un espacio digital abarrotado, los correos electr\u00f3nicos destacan. Dise\u00f1emos campa\u00f1as que no solo lleguen a las bandejas de entrada, sino que tambi\u00e9n resuenen con los lectores, impuls\u00e1ndolos a tomar medidas.<\/p>\n<p><strong>Redacci\u00f3n y boletines: palabras que funcionan<\/strong><\/p>\n<p>Las palabras tienen el poder de atraer y persuadir. Nuestros h\u00e1biles redactores crean mensajes que tienen un impacto duradero, ya sea un bolet\u00edn, contenido de sitio web o blogs.<\/p>\n<p><strong>Marketing offline efectivo<\/strong><\/p>\n<p>Si bien lo digital domina, hay fortaleza en los m\u00e9todos tradicionales. Desde revistas hasta vallas publicitarias, creamos estrategias fuera de l\u00ednea que tienen un impacto en el mundo real.[\/vc_icon][\/vc_column_inner][vc_column_inner width=\u00bb1\/2&#8243;][vc_empty_space empty_h=\u00bb3&#8243;][vc_icon icon=\u00bbfa fa-smartphone\u00bb icon_image=\u00bb89077&#8243; icon_color=\u00bbcolor-104936&#8243; text_size=\u00bbh4&#8243; css_animation=\u00bbbottom-t-top\u00bb animation_delay=\u00bb400&#8243; align=\u00bbleft\u00bb uncode_shortcode_id=\u00bb203498&#8243; icon_color_type=\u00bbuncode-palette\u00bb]<strong>Marketing SMS y de notificaciones push: magia m\u00f3vil<\/strong><\/p>\n<p>Encuentra a tu audiencia donde est\u00e1n: en las pantallas de sus dispositivos m\u00f3viles. Nuestras estrategias de SMS y notificaciones push mantienen tu marca en sus mentes y bolsillos.<\/p>\n<p><strong>Consultas de redes sociales: ampl\u00eda tu alcance<\/strong><\/p>\n<p>No tienes que pasar por tu viaje de crecimiento solo. Perm\u00edtenos guiarte a trav\u00e9s de estrategias de redes sociales que impulsan tu presencia a trav\u00e9s de las t\u00e1cticas m\u00e1s actualizadas.[\/vc_icon][\/vc_column_inner][\/vc_row_inner][\/vc_column][\/vc_row][vc_row unlock_row_content=\u00bbyes\u00bb row_height_percent=\u00bb0&#8243; override_padding=\u00bbyes\u00bb h_padding=\u00bb2&#8243; top_padding=\u00bb2&#8243; bottom_padding=\u00bb2&#8243; back_color=\u00bbaccent\u00bb overlay_alpha=\u00bb95&#8243; gutter_size=\u00bb4&#8243; column_width_use_pixel=\u00bbyes\u00bb shift_y=\u00bb0&#8243; z_index=\u00bb0&#8243; row_height_pixel=\u00bb150&#8243;][vc_column width=\u00bb1\/1&#8243;][vc_gallery el_id=\u00bbgallery-35677&#8243; type=\u00bbcarousel\u00bb random=\u00bbyes\u00bb medias=\u00bb74329,74331,74332,74333&#8243; carousel_lg=\u00bb1&#8243; carousel_md=\u00bb1&#8243; carousel_sm=\u00bb1&#8243; gutter_size=\u00bb0&#8243; media_items=\u00bbicon,media|lightbox|original\u00bb carousel_v_align=\u00bbmiddle\u00bb carousel_type=\u00bbfade\u00bb carousel_interval=\u00bb5000&#8243; carousel_navspeed=\u00bb400&#8243; carousel_loop=\u00bbyes\u00bb carousel_dots_mobile=\u00bbyes\u00bb carousel_autoh=\u00bbyes\u00bb carousel_textual=\u00bbyes\u00bb stage_padding=\u00bb0&#8243; single_overlay_opacity=\u00bb50&#8243; single_padding=\u00bb0&#8243; single_title_family=\u00bbfont-134980&#8243; single_title_dimension=\u00bbh2&#8243; single_title_height=\u00bbfontheight-524109&#8243; single_css_animation=\u00bbleft-t-right\u00bb single_animation_delay=\u00bb500&#8243; carousel_twitter=\u00bbyes\u00bb title=\u00bbTestimonials\u00bb items=\u00bbeyI3NDMyOV9pIjp7InNpbmdsZV9oX2FsaWduIjoiY2VudGVyIiwic2luZ2xlX3RpdGxlX2ZhbWlseSI6IiJ9LCI3NDMzMV9pIjp7InNpbmdsZV90aXRsZV9mYW1pbHkiOiIiLCJzaW5nbGVfaF9hbGlnbiI6ImNlbnRlciJ9LCI3NDMzMl9pIjp7InNpbmdsZV90aXRsZV9mYW1pbHkiOiIiLCJzaW5nbGVfaF9hbGlnbiI6ImNlbnRlciJ9LCI3NDMzM19pIjp7InNpbmdsZV90aXRsZV9mYW1pbHkiOiIiLCJzaW5nbGVfaF9hbGlnbiI6ImNlbnRlciJ9fQ==\u00bb][\/vc_column][\/vc_row][vc_row unlock_row_content=\u00bbyes\u00bb row_height_percent=\u00bb0&#8243; override_padding=\u00bbyes\u00bb h_padding=\u00bb0&#8243; top_padding=\u00bb0&#8243; bottom_padding=\u00bb0&#8243; back_color=\u00bbcolor-rgdb\u00bb overlay_alpha=\u00bb100&#8243; gutter_size=\u00bb100&#8243; shift_y=\u00bb0&#8243; style=\u00bbinherited\u00bb][vc_column column_width_percent=\u00bb100&#8243; gutter_size=\u00bb3&#8243; font_family=\u00bbfont-134980&#8243; overlay_alpha=\u00bb50&#8243; shift_x=\u00bb0&#8243; shift_y=\u00bb0&#8243; z_index=\u00bb0&#8243; medium_width=\u00bb0&#8243; width=\u00bb1\/1&#8243;][uncode_index el_id=\u00bbindex-476895211&#8243; loop=\u00bbsize:7|order_by:menu_order|order:ASC|post_type:page|by_id:85529,76792,76723,76800,76743,76768,86974|taxonomy_count:10&#8243; style_preset=\u00bbmetro\u00bb screen_lg=\u00bb1200&#8243; screen_md=\u00bb960&#8243; screen_sm=\u00bb480&#8243; gutter_size=\u00bb0&#8243; post_items=\u00bbtitle,media,text,link,author,date,category,extra\u00bb page_items=\u00bbtitle,text|excerpt,media|featured|onpost|original\u00bb product_items=\u00bbtitle,media,text,category,price\u00bb portfolio_items=\u00bbmedia|featured|onpost|original,title\u00bb footer_style=\u00bbdark\u00bb footer_back_color=\u00bbaccent\u00bb single_text=\u00bboverlay\u00bb single_width=\u00bb3&#8243; single_height=\u00bb3&#8243; single_overlay_color=\u00bbcolor-nhtu\u00bb single_overlay_opacity=\u00bb30&#8243; single_h_align=\u00bbcenter\u00bb single_padding=\u00bb2&#8243; single_title_family=\u00bbfont-597343&#8243; single_title_dimension=\u00bbh2&#8243; single_title_weight=\u00bb700&#8243; single_title_transform=\u00bbcapitalize\u00bb single_text_lead=\u00bbyes\u00bb single_border=\u00bbyes\u00bb single_css_animation=\u00bbbottom-t-top\u00bb single_animation_delay=\u00bb200&#8243; custom_order=\u00bbyes\u00bb lbox_title=\u00bbyes\u00bb lbox_caption=\u00bbyes\u00bb lbox_deep=\u00bbyes\u00bb single_block_click=\u00bbyes\u00bb single_text_hover=\u00bbyes\u00bb items=\u00bbeyI0NjI1X2kiOnsic2luZ2xlX3dpZHRoIjoiNiJ9LCI0NTgxX2kiOnsic2luZ2xlX3dpZHRoIjoiMiIsInNpbmdsZV9oZWlnaHQiOiIyIn0sIjQ1NzhfaSI6eyJzaW5nbGVfd2lkdGgiOiIyIiwic2luZ2xlX2hlaWdodCI6IjIifSwiNDM5M19pIjp7InNpbmdsZV93aWR0aCI6IjIiLCJzaW5nbGVfaGVpZ2h0IjoiMiJ9LCI0MTY3X2kiOnsic2luZ2xlX3dpZHRoIjoiMiIsInNpbmdsZV9oZWlnaHQiOiIyIn0sIjQxNjNfaSI6eyJzaW5nbGVfaGVpZ2h0IjoiMiJ9LCI0MTYwX2kiOnsic2luZ2xlX2hlaWdodCI6IjIifSwiNDE1NF9pIjp7InNpbmdsZV93aWR0aCI6IjYiLCJzaW5nbGVfaGVpZ2h0IjoiNCJ9LCI0MDg3X2kiOnsic2luZ2xlX3dpZHRoIjoiNiIsInNpbmdsZV9oZWlnaHQiOiI0In0sIjQwNjVfaSI6eyJzaW5nbGVfd2lkdGgiOiI2Iiwic2luZ2xlX2hlaWdodCI6IjQifSwiNDA3OF9pIjp7InNpbmdsZV93aWR0aCI6IjYiLCJzaW5nbGVfaGVpZ2h0IjoiNCJ9LCI3NDA1N19pIjp7InNpbmdsZV9saW5rIjoidXJsOmh0dHAlM0ElMkYlMkZyZXh1bml2ZXJzYWwuY29tJTJGY3VzdG9taXplZC1tYXJrZXRpbmctc3RyYXRlZ3klMkZ8fHwiLCJiYWNrX2ltYWdlIjoiNzMwMDIiLCJzaW5nbGVfbGF5b3V0X3BhZ2VfaXRlbXMiOiJ0aXRsZSx0ZXh0fGV4Y2VycHQsY2F0ZWdvcnksbWVkaWF8ZmVhdHVyZWR8b25wb3N0fG9yaWdpbmFsIn0sIjc0MDQxX2kiOnsic2luZ2xlX2hlaWdodCI6IjYiLCJzaW5nbGVfd2lkdGgiOiIzIn0sIjc0MjI5X2kiOnsic2luZ2xlX3dpZHRoIjoiNiIsInNpbmdsZV9oZWlnaHQiOiIzIn0sIjc1MjMzX2kiOnsic2luZ2xlX2xpbmsiOiJ1cmw6aHR0cCUzQSUyRiUyRnJleHVuaXZlcnNhbC5jb20lMkZzb2NpYWwtbWVkaWEtc3RyYXRlZ3klMkZ8fHwiLCJiYWNrX2ltYWdlIjoiNzMwMTMiLCJzaW5nbGVfbGF5b3V0X3BhZ2VfaXRlbXMiOiJ0aXRsZSx0ZXh0fGV4Y2VycHQsY2F0ZWdvcnksbWVkaWF8ZmVhdHVyZWR8b25wb3N0fG9yaWdpbmFsIiwic2luZ2xlX2hlaWdodCI6IjYifSwiNzUyODBfaSI6eyJzaW5nbGVfd2lkdGgiOiI2In0sIjc2NzY4X2kiOnsic2luZ2xlX2hlaWdodCI6IjMifSwiNzY3MjNfaSI6eyJzaW5nbGVfd2lkdGgiOiIzIn0sIjg1NTI5X2kiOnsic2luZ2xlX2hlaWdodCI6IjYifX0=\u00bb single_title_bold=\u00bbyes\u00bb footer_position=\u00bbleft\u00bb filtering_transform=\u00bbuppercase\u00bb order_ids=\u00bb85529,76743,76800,76792,76768,76723,86974&#8243; uncode_shortcode_id=\u00bb848985&#8243; footer_back_color_type=\u00bbuncode-palette\u00bb][\/vc_column][\/vc_row]<\/p>\n<\/div>","protected":false},"excerpt":{"rendered":"<p>[vc_row unlock_row_content=\u00bbyes\u00bb row_height_percent=\u00bb0&#8243; override_padding=\u00bbyes\u00bb h_padding=\u00bb0&#8243; top_padding=\u00bb0&#8243; bottom_padding=\u00bb0&#8243; overlay_alpha=\u00bb100&#8243; equal_height=\u00bbyes\u00bb gutter_size=\u00bb0&#8243; shift_y=\u00bb0&#8243; style=\u00bbinherited\u00bb][vc_column column_width_percent=\u00bb100&#8243; position_horizontal=\u00bbleft\u00bb gutter_size=\u00bb3&#8243; override_padding=\u00bbyes\u00bb column_padding=\u00bb5&#8243; back_color=\u00bbcolor-xsdn\u00bb overlay_alpha=\u00bb100&#8243; shift_x=\u00bb0&#8243; [&hellip;]<\/p>\n","protected":false},"author":2,"featured_media":89147,"parent":0,"menu_order":0,"comment_status":"open","ping_status":"closed","template":"","meta":{"footnotes":""},"class_list":["post-76768","page","type-page","status-publish","has-post-thumbnail","hentry","page_category-rexuniversal-es"],"_links":{"self":[{"href":"https:\/\/rexuniversal.com\/es\/wp-json\/wp\/v2\/pages\/76768","targetHints":{"allow":["GET"]}}],"collection":[{"href":"https:\/\/rexuniversal.com\/es\/wp-json\/wp\/v2\/pages"}],"about":[{"href":"https:\/\/rexuniversal.com\/es\/wp-json\/wp\/v2\/types\/page"}],"author":[{"embeddable":true,"href":"https:\/\/rexuniversal.com\/es\/wp-json\/wp\/v2\/users\/2"}],"replies":[{"embeddable":true,"href":"https:\/\/rexuniversal.com\/es\/wp-json\/wp\/v2\/comments?post=76768"}],"version-history":[{"count":4,"href":"https:\/\/rexuniversal.com\/es\/wp-json\/wp\/v2\/pages\/76768\/revisions"}],"predecessor-version":[{"id":89235,"href":"https:\/\/rexuniversal.com\/es\/wp-json\/wp\/v2\/pages\/76768\/revisions\/89235"}],"wp:featuredmedia":[{"embeddable":true,"href":"https:\/\/rexuniversal.com\/es\/wp-json\/wp\/v2\/media\/89147"}],"wp:attachment":[{"href":"https:\/\/rexuniversal.com\/es\/wp-json\/wp\/v2\/media?parent=76768"}],"curies":[{"name":"wp","href":"https:\/\/api.w.org\/{rel}","templated":true}]}}