{"id":76688,"date":"2018-09-17T11:37:01","date_gmt":"2018-09-17T10:37:01","guid":{"rendered":"https:\/\/rexuniversal.com\/?page_id=76688"},"modified":"2025-05-19T14:45:30","modified_gmt":"2025-05-19T13:45:30","slug":"om-oss","status":"publish","type":"page","link":"https:\/\/rexuniversal.com\/sv\/om-oss\/","title":{"rendered":"Om oss"},"content":{"rendered":"<div class=\"wpb-content-wrapper\"><p>[vc_row row_height_percent=&#8221;0&#8243; back_color=&#8221;color-rgdb&#8221; overlay_alpha=&#8221;50&#8243; gutter_size=&#8221;3&#8243; column_width_percent=&#8221;100&#8243; shift_y=&#8221;0&#8243; z_index=&#8221;0&#8243; uncode_shortcode_id=&#8221;757303&#8243; back_color_type=&#8221;uncode-palette&#8221;][vc_column column_width_percent=&#8221;100&#8243; align_horizontal=&#8221;align_center&#8221; gutter_size=&#8221;3&#8243; style=&#8221;dark&#8221; overlay_alpha=&#8221;50&#8243; shift_x=&#8221;0&#8243; shift_y=&#8221;0&#8243; shift_y_down=&#8221;0&#8243; z_index=&#8221;0&#8243; medium_width=&#8221;0&#8243; mobile_width=&#8221;0&#8243; width=&#8221;1\/1&#8243;][vc_custom_heading heading_semantic=&#8221;h3&#8243; text_font=&#8221;font-597343&#8243; text_size=&#8221;fontsize-155944&#8243; text_weight=&#8221;700&#8243; text_transform=&#8221;capitalize&#8221; separator=&#8221;yes&#8221;]VI \u00c4R ACCELERATORERNA I DITT F\u00d6RETAG[\/vc_custom_heading][vc_button outline=&#8221;yes&#8221; border_width=&#8221;0&#8243; link=&#8221;url:https%3A%2F%2Frexuniversal.com%2Fsv%2Fcontact-rex%2F|||&#8221; uncode_shortcode_id=&#8221;445462&#8243;]KONTAKTA OSS[\/vc_button][\/vc_column][\/vc_row][vc_row unlock_row_content=&#8221;yes&#8221; row_height_percent=&#8221;0&#8243; override_padding=&#8221;yes&#8221; h_padding=&#8221;0&#8243; top_padding=&#8221;0&#8243; bottom_padding=&#8221;0&#8243; back_color=&#8221;color-nhtu&#8221; overlay_alpha=&#8221;50&#8243; gutter_size=&#8221;3&#8243; column_width_percent=&#8221;100&#8243; shift_y=&#8221;0&#8243; z_index=&#8221;0&#8243; row_height_pixel=&#8221;400&#8243;][vc_column column_width_percent=&#8221;100&#8243; gutter_size=&#8221;0&#8243; expand_height=&#8221;yes&#8221; overlay_alpha=&#8221;50&#8243; shift_x=&#8221;0&#8243; shift_y=&#8221;0&#8243; shift_y_down=&#8221;0&#8243; z_index=&#8221;0&#8243; medium_width=&#8221;4&#8243; mobile_width=&#8221;0&#8243; width=&#8221;1\/1&#8243;][vc_gallery el_id=&#8221;gallery-31846&#8243; medias=&#8221;88086,87400,87407,88082,88079,89308,89316,89300,89312,88502,89330,89327,88511&#8243; style_preset=&#8221;metro&#8221; gutter_size=&#8221;0&#8243; media_items=&#8221;media|nolink|original,title,caption,sep-one|reduced,description,team-social&#8221; screen_lg=&#8221;1000&#8243; screen_md=&#8221;900&#8243; screen_sm=&#8221;400&#8243; single_width=&#8221;3&#8243; single_height=&#8221;3&#8243; single_overlay_color=&#8221;color-prif&#8221; single_overlay_opacity=&#8221;61&#8243; single_image_color_anim=&#8221;yes&#8221; single_h_align=&#8221;center&#8221; single_padding=&#8221;1&#8243; single_text_reduced=&#8221;yes&#8221; single_title_family=&#8221;font-762333&#8243; single_title_dimension=&#8221;h6&#8243; single_border=&#8221;yes&#8221; single_css_animation=&#8221;alpha-anim&#8221; single_animation_delay=&#8221;200&#8243; lbox_skin=&#8221;white&#8221; carousel_rtl=&#8221;&#8221; single_half_padding=&#8221;yes&#8221; single_title_uppercase=&#8221;&#8221; single_title_serif=&#8221;&#8221; single_no_background=&#8221;yes&#8221; items=&#8221;eyIxMzc2M19pIjp7InNpbmdsZV9saW5rIjoidXJsOmh0dHAlM0ElMkYlMkZ3d3cudW5kc2duLmNvbXx8dGFyZ2V0OiUyMF9ibGFuayJ9LCIxMzc2OV9pIjp7InNpbmdsZV9saW5rIjoidXJsOmh0dHAlM0ElMkYlMkZ3d3cudW5kc2duLmNvbXx8dGFyZ2V0OiUyMF9ibGFuayJ9LCIxMzc3MF9pIjp7InNpbmdsZV9saW5rIjoidXJsOmh0dHAlM0ElMkYlMkZ3d3cudW5kc2duLmNvbXx8dGFyZ2V0OiUyMF9ibGFuayJ9LCIxMzc2Nl9pIjp7InNpbmdsZV9saW5rIjoidXJsOmh0dHAlM0ElMkYlMkZ3d3cudW5kc2duLmNvbXx8dGFyZ2V0OiUyMF9ibGFuayJ9LCIxMjE2OV9pIjp7InNpbmdsZV93aWR0aCI6IjMifSwiNzU5MDVfaSI6eyJzaW5nbGVfd2lkdGgiOiIzIiwic2luZ2xlX2hlaWdodCI6IjMifSwiNzU5MDZfaSI6eyJzaW5nbGVfd2lkdGgiOiIzIiwic2luZ2xlX2hlaWdodCI6IjMifSwiNzU5MTBfaSI6eyJzaW5nbGVfd2lkdGgiOiIzIiwic2luZ2xlX2hlaWdodCI6IjMifSwiNzU5MDlfaSI6eyJzaW5nbGVfd2lkdGgiOiIzIiwic2luZ2xlX2hlaWdodCI6IjMifSwiNzU5MDhfaSI6eyJzaW5nbGVfaGVpZ2h0IjoiMyIsInNpbmdsZV93aWR0aCI6IjMifSwiNzYxMzFfaSI6eyJzaW5nbGVfd2lkdGgiOiIyIiwic2luZ2xlX2hlaWdodCI6IjYiLCJzaW5nbGVfdGl0bGVfdHJhbnNmb3JtIjoiY2FwaXRhbGl6ZSJ9LCI3NjE1OV9pIjp7InNpbmdsZV9oZWlnaHQiOiI2In0sIjc2MTYwX2kiOnsic2luZ2xlX2hlaWdodCI6IjYiLCJzaW5nbGVfdGV4dCI6Im92ZXJsYXkiLCJzaW5nbGVfb3ZlcmxheV9jb2xvciI6IiIsInNpbmdsZV9jc3NfYW5pbWF0aW9uIjoiIiwic2luZ2xlX2xheW91dF9tZWRpYV9pdGVtcyI6Im1lZGlhfG5vbGlua3xvcmlnaW5hbCx0aXRsZSxjYXB0aW9uLGRlc2NyaXB0aW9uLHRlYW0tc29jaWFsIiwic2luZ2xlX292ZXJsYXlfb3BhY2l0eSI6IjEiLCJzaW5nbGVfdGV4dF9hbmltIjoibm8iLCJzaW5nbGVfaW1hZ2VfYW5pbSI6Im5vIn0sIjc2MTY5X2kiOnsic2luZ2xlX2hlaWdodCI6IjYiLCJzaW5nbGVfb3ZlcmxheV9vcGFjaXR5IjoiMiIsInNpbmdsZV90ZXh0X2FuaW0iOiJubyIsInNpbmdsZV9sYXlvdXRfbWVkaWFfaXRlbXMiOiJtZWRpYXxub2xpbmt8b3JpZ2luYWwsdGl0bGUsY2FwdGlvbixkZXNjcmlwdGlvbix0ZWFtLXNvY2lhbCJ9LCI3NjE3MV9pIjp7InNpbmdsZV9oZWlnaHQiOiI2Iiwic2luZ2xlX292ZXJsYXlfb3BhY2l0eSI6IjIiLCJzaW5nbGVfbGF5b3V0X21lZGlhX2l0ZW1zIjoibWVkaWF8bm9saW5rfG9yaWdpbmFsLGRlc2NyaXB0aW9uLHRlYW0tc29jaWFsIiwic2luZ2xlX3RleHRfYW5pbSI6Im5vIiwic2luZ2xlX2ltYWdlX2FuaW0iOiJubyJ9LCI3NjE3M19pIjp7InNpbmdsZV9oZWlnaHQiOiI2Iiwic2luZ2xlX292ZXJsYXlfb3BhY2l0eSI6IjEiLCJzaW5nbGVfdGV4dF9hbmltIjoibm8iLCJzaW5nbGVfb3ZlcmxheV9hbmltIjoibm8iLCJzaW5nbGVfaW1hZ2VfYW5pbSI6Im5vIiwic2luZ2xlX2xheW91dF9tZWRpYV9pdGVtcyI6Im1lZGlhfG5vbGlua3xvcmlnaW5hbCx0ZWFtLXNvY2lhbCIsInNpbmdsZV93aWR0aCI6IjMifSwiNzczMDhfaSI6eyJzaW5nbGVfd2lkdGgiOiIzIiwic2luZ2xlX2hlaWdodCI6IjMifSwiNzczMTVfaSI6eyJzaW5nbGVfd2lkdGgiOiIzIiwic2luZ2xlX2hlaWdodCI6IjMifSwiNzc0NTFfaSI6eyJzaW5nbGVfd2lkdGgiOiIzIiwic2luZ2xlX2hlaWdodCI6IjMifSwiNzc0NThfaSI6eyJzaW5nbGVfd2lkdGgiOiIzIiwic2luZ2xlX2hlaWdodCI6IjMifSwiODcyMDJfaSI6eyJzaW5nbGVfd2lkdGgiOiIzIiwic2luZ2xlX2hlaWdodCI6IjMifSwiODcyMDVfaSI6eyJzaW5nbGVfd2lkdGgiOiIzIiwic2luZ2xlX2hlaWdodCI6IjMifSwiODcyMDhfaSI6eyJzaW5nbGVfd2lkdGgiOiIzIiwic2luZ2xlX2hlaWdodCI6IjMifSwiODcyMTRfaSI6eyJzaW5nbGVfd2lkdGgiOiIzIiwic2luZ2xlX2hlaWdodCI6IjMifSwiODcyMTFfaSI6eyJzaW5nbGVfd2lkdGgiOiIzIiwic2luZ2xlX2hlaWdodCI6IjMifSwiODczOTJfaSI6eyJzaW5nbGVfaGVpZ2h0IjoiMyIsInNpbmdsZV93aWR0aCI6IjMifSwiODc0MTBfaSI6eyJzaW5nbGVfaGVpZ2h0IjoiMyIsInNpbmdsZV93aWR0aCI6IjMifSwiODc0MDdfaSI6eyJzaW5nbGVfaGVpZ2h0IjoiMyIsInNpbmdsZV93aWR0aCI6IjMifSwiODc0MDRfaSI6eyJzaW5nbGVfd2lkdGgiOiIzIiwic2luZ2xlX2hlaWdodCI6IjMifSwiODc0MDBfaSI6eyJzaW5nbGVfaGVpZ2h0IjoiMyIsInNpbmdsZV93aWR0aCI6IjMifSwiODc4NjRfaSI6eyJzaW5nbGVfd2lkdGgiOiIzIiwic2luZ2xlX2hlaWdodCI6IjMifSwiODc0ODJfaSI6eyJzaW5nbGVfaGVpZ2h0IjoiMyIsInNpbmdsZV93aWR0aCI6IjMifSwiODc0OTRfaSI6eyJzaW5nbGVfaGVpZ2h0IjoiMyIsInNpbmdsZV93aWR0aCI6IjMifSwiODc0OTdfaSI6eyJzaW5nbGVfd2lkdGgiOiIzIiwic2luZ2xlX2hlaWdodCI6IjMifSwiODgyNDFfaSI6eyJzaW5nbGVfbGF5b3V0X21lZGlhX2l0ZW1zIjoibWVkaWF8bm9saW5rfG9yaWdpbmFsLHRpdGxlLGNhcHRpb24sZGVzY3JpcHRpb24sdGVhbS1zb2NpYWwifSwiODg1MTRfaSI6eyJzaW5nbGVfd2lkdGgiOiI2In19&#8243; uncode_shortcode_id=&#8221;618225&#8243;][\/vc_column][\/vc_row][vc_row unlock_row_content=&#8221;yes&#8221; row_height_percent=&#8221;0&#8243; override_padding=&#8221;yes&#8221; h_padding=&#8221;0&#8243; top_padding=&#8221;0&#8243; bottom_padding=&#8221;0&#8243; overlay_alpha=&#8221;50&#8243; equal_height=&#8221;yes&#8221; gutter_size=&#8221;0&#8243; shift_y=&#8221;0&#8243;][vc_column column_width_percent=&#8221;100&#8243; position_vertical=&#8221;middle&#8221; gutter_size=&#8221;3&#8243; override_padding=&#8221;yes&#8221; column_padding=&#8221;4&#8243; style=&#8221;dark&#8221; font_family=&#8221;font-762333&#8243; back_color=&#8221;color-rgdb&#8221; overlay_alpha=&#8221;50&#8243; shift_x=&#8221;0&#8243; shift_y=&#8221;0&#8243; z_index=&#8221;0&#8243; align_medium=&#8221;align_center_tablet&#8221; medium_width=&#8221;0&#8243; align_mobile=&#8221;align_center_mobile&#8221; width=&#8221;1\/2&#8243;][vc_custom_heading heading_semantic=&#8221;h3&#8243; text_font=&#8221;font-597343&#8243; text_size=&#8221;h1&#8243; text_weight=&#8221;700&#8243; separator=&#8221;yes&#8221;]V\u00c5RT TILLV\u00c4GAG\u00c5NGSS\u00c4TT[\/vc_custom_heading][vc_column_text text_lead=&#8221;yes&#8221;]<span class=\"font-597343\" style=\"font-weight: 400;\">Vi anv\u00e4nder oss av den agila arbetsmetoden, som bygger p\u00e5 adaptiv planering och v\u00e5r h\u00f6gsta prioritet \u00e4r att tillfredsst\u00e4lla kunden genom tidig och kontinuerlig leverans f\u00f6r att kunna reagera snabbt p\u00e5 f\u00f6r\u00e4ndringar.<\/span><\/p>\n<p><span class=\"font-597343\" style=\"font-weight: 400;\">V\u00e5ra 5 grundpelare som hela teamet st\u00e5r bakom: Generositet, enkelhet, autenticitet, konsekvens och kvalitet! <\/span>[\/vc_column_text][\/vc_column][vc_column column_width_percent=&#8221;100&#8243; position_vertical=&#8221;middle&#8221; gutter_size=&#8221;3&#8243; override_padding=&#8221;yes&#8221; column_padding=&#8221;4&#8243; style=&#8221;dark&#8221; font_family=&#8221;font-762333&#8243; back_color=&#8221;color-wayh&#8221; overlay_alpha=&#8221;50&#8243; shift_x=&#8221;0&#8243; shift_y=&#8221;0&#8243; z_index=&#8221;0&#8243; align_medium=&#8221;align_center_tablet&#8221; medium_width=&#8221;0&#8243; align_mobile=&#8221;align_center_mobile&#8221; width=&#8221;1\/2&#8243;][vc_custom_heading heading_semantic=&#8221;h3&#8243; text_font=&#8221;font-597343&#8243; text_size=&#8221;h1&#8243; text_weight=&#8221;700&#8243; text_transform=&#8221;capitalize&#8221; separator=&#8221;yes&#8221;]V\u00c5RT UPPDRAG[\/vc_custom_heading][vc_column_text text_lead=&#8221;yes&#8221;]<span class=\"font-597343\" style=\"font-weight: 400;\">\u00c4r att identifiera potentialen i ditt f\u00f6retag och hj\u00e4lpa dig att v\u00e4xa tillsammans med v\u00e5ra expertiser.<\/span>[\/vc_column_text][vc_empty_space empty_h=&#8221;5&#8243;][\/vc_column][\/vc_row][vc_row unlock_row_content=&#8221;yes&#8221; row_height_percent=&#8221;0&#8243; override_padding=&#8221;yes&#8221; h_padding=&#8221;0&#8243; top_padding=&#8221;0&#8243; bottom_padding=&#8221;0&#8243; overlay_alpha=&#8221;100&#8243; gutter_size=&#8221;0&#8243; style=&#8221;inherited&#8221;][\/vc_row][vc_row unlock_row_content=&#8221;yes&#8221; row_height_percent=&#8221;0&#8243; override_padding=&#8221;yes&#8221; h_padding=&#8221;0&#8243; top_padding=&#8221;0&#8243; bottom_padding=&#8221;0&#8243; overlay_alpha=&#8221;50&#8243; equal_height=&#8221;yes&#8221; gutter_size=&#8221;0&#8243; shift_y=&#8221;0&#8243;][\/vc_row]<\/p>\n<\/div>","protected":false},"excerpt":{"rendered":"<p>[vc_row row_height_percent=&#8221;0&#8243; back_color=&#8221;color-rgdb&#8221; overlay_alpha=&#8221;50&#8243; gutter_size=&#8221;3&#8243; column_width_percent=&#8221;100&#8243; shift_y=&#8221;0&#8243; z_index=&#8221;0&#8243; uncode_shortcode_id=&#8221;757303&#8243; back_color_type=&#8221;uncode-palette&#8221;][vc_column column_width_percent=&#8221;100&#8243; align_horizontal=&#8221;align_center&#8221; gutter_size=&#8221;3&#8243; style=&#8221;dark&#8221; overlay_alpha=&#8221;50&#8243; shift_x=&#8221;0&#8243; shift_y=&#8221;0&#8243; shift_y_down=&#8221;0&#8243; z_index=&#8221;0&#8243; medium_width=&#8221;0&#8243; [&hellip;]<\/p>\n","protected":false},"author":1,"featured_media":0,"parent":0,"menu_order":0,"comment_status":"closed","ping_status":"closed","template":"","meta":{"footnotes":""},"class_list":["post-76688","page","type-page","status-publish","hentry","page_category-rexuniversal-sv"],"_links":{"self":[{"href":"https:\/\/rexuniversal.com\/sv\/wp-json\/wp\/v2\/pages\/76688","targetHints":{"allow":["GET"]}}],"collection":[{"href":"https:\/\/rexuniversal.com\/sv\/wp-json\/wp\/v2\/pages"}],"about":[{"href":"https:\/\/rexuniversal.com\/sv\/wp-json\/wp\/v2\/types\/page"}],"author":[{"embeddable":true,"href":"https:\/\/rexuniversal.com\/sv\/wp-json\/wp\/v2\/users\/1"}],"replies":[{"embeddable":true,"href":"https:\/\/rexuniversal.com\/sv\/wp-json\/wp\/v2\/comments?post=76688"}],"version-history":[{"count":7,"href":"https:\/\/rexuniversal.com\/sv\/wp-json\/wp\/v2\/pages\/76688\/revisions"}],"predecessor-version":[{"id":89671,"href":"https:\/\/rexuniversal.com\/sv\/wp-json\/wp\/v2\/pages\/76688\/revisions\/89671"}],"wp:attachment":[{"href":"https:\/\/rexuniversal.com\/sv\/wp-json\/wp\/v2\/media?parent=76688"}],"curies":[{"name":"wp","href":"https:\/\/api.w.org\/{rel}","templated":true}]}}