{"id":76772,"date":"2018-09-24T11:44:31","date_gmt":"2018-09-24T10:44:31","guid":{"rendered":"https:\/\/rexuniversal.com\/?page_id=76772"},"modified":"2023-09-14T12:26:24","modified_gmt":"2023-09-14T11:26:24","slug":"digital-media-strategi","status":"publish","type":"page","link":"https:\/\/rexuniversal.com\/sv\/digital-media-strategi\/","title":{"rendered":"Digital media strategi"},"content":{"rendered":"<div class=\"wpb-content-wrapper\"><p>[vc_row unlock_row_content=&#8221;yes&#8221; row_height_percent=&#8221;0&#8243; override_padding=&#8221;yes&#8221; h_padding=&#8221;0&#8243; top_padding=&#8221;0&#8243; bottom_padding=&#8221;0&#8243; overlay_alpha=&#8221;100&#8243; equal_height=&#8221;yes&#8221; gutter_size=&#8221;0&#8243; shift_y=&#8221;0&#8243; style=&#8221;inherited&#8221;][vc_column column_width_percent=&#8221;100&#8243; position_horizontal=&#8221;left&#8221; gutter_size=&#8221;3&#8243; override_padding=&#8221;yes&#8221; column_padding=&#8221;5&#8243; back_color=&#8221;color-xsdn&#8221; overlay_alpha=&#8221;100&#8243; shift_x=&#8221;0&#8243; shift_y=&#8221;0&#8243; z_index=&#8221;0&#8243; medium_width=&#8221;100&#8243; zoom_width=&#8221;0&#8243; zoom_height=&#8221;0&#8243; width=&#8221;1\/3&#8243; safe_padding=&#8221;yes&#8221;][vc_custom_heading heading_semantic=&#8221;h3&#8243; text_font=&#8221;font-597343&#8243; text_size=&#8221;h3&#8243; text_weight=&#8221;700&#8243; text_transform=&#8221;uppercase&#8221;]VI \u00c4R ETT SOCIALT TEAM[\/vc_custom_heading][vc_separator sep_color=&#8221;,Default&#8221;][vc_column_text text_lead=&#8221;yes&#8221; uncode_shortcode_id=&#8221;363610&#8243;]I dagens snabbr\u00f6rliga v\u00e4rld kr\u00e4ver att vinna hj\u00e4rtan och sinnen hos din publik mer \u00e4n bara tur &#8211; du beh\u00f6ver en strategiskt tillv\u00e4gag\u00e5ngss\u00e4tt som sticker ut. T\u00e4nk dig att du precis har gjort den b\u00e4sta koppen kaffe, men den \u00e4r g\u00f6md p\u00e5 en tyst plats. Utan doften som sv\u00e4var i luften, hur kommer n\u00e5gon att veta vad de g\u00e5r miste om? Det \u00e4r d\u00e4r v\u00e5ra strategiska marknadsf\u00f6ringstj\u00e4nster kommer till unds\u00e4ttning, bev\u00e4pnade med strategier som inte bara sprider doften av ditt varum\u00e4rke utan ocks\u00e5 g\u00f6r det till stadens snackis.[\/vc_column_text][\/vc_column][vc_column column_width_percent=&#8221;100&#8243; position_horizontal=&#8221;left&#8221; gutter_size=&#8221;3&#8243; override_padding=&#8221;yes&#8221; column_padding=&#8221;5&#8243; back_color=&#8221;color-lxmt&#8221; overlay_alpha=&#8221;0&#8243; shift_x=&#8221;0&#8243; shift_y=&#8221;0&#8243; z_index=&#8221;0&#8243; medium_width=&#8221;100&#8243; zoom_width=&#8221;0&#8243; zoom_height=&#8221;0&#8243; width=&#8221;2\/3&#8243; safe_padding=&#8221;yes&#8221;][vc_row_inner row_inner_height_percent=&#8221;0&#8243; overlay_alpha=&#8221;50&#8243; gutter_size=&#8221;4&#8243; shift_y=&#8221;0&#8243; limit_content=&#8221;&#8221;][vc_column_inner width=&#8221;1\/2&#8243;][vc_icon icon=&#8221;fa fa-desktop2&#8243; icon_image=&#8221;88965&#8243; icon_color=&#8221;color-104936&#8243; text_size=&#8221;h4&#8243; css_animation=&#8221;bottom-t-top&#8221; animation_delay=&#8221;200&#8243; align=&#8221;left&#8221; title=&#8221;Varum\u00e4rke&#8221; uncode_shortcode_id=&#8221;168629&#8243; icon_color_type=&#8221;uncode-palette&#8221;]<em>Bli of\u00f6rgl\u00f6mlig<\/em><\/p>\n<p>Ett varum\u00e4rke utan riktlinjer saknar identitet. V\u00e5ra skr\u00e4ddarsydda varum\u00e4rkesriktlinjer ger grunden f\u00f6r din unika ber\u00e4ttelse. Vi skapar logotyper som f\u00e5ngar din vision, v\u00e4ljer f\u00e4rger f\u00f6r att v\u00e4cka k\u00e4nslor och typsnitt som talar dina ord. Vi kombinerar dessa element f\u00f6r att skapa ett varum\u00e4rke som verkligen \u00e4r unikt.[\/vc_icon][vc_empty_space empty_h=&#8221;0&#8243;][\/vc_column_inner][vc_column_inner width=&#8221;1\/2&#8243;][vc_icon icon=&#8221;fa fa-smartphone&#8221; icon_image=&#8221;89185&#8243; icon_color=&#8221;color-104936&#8243; text_size=&#8221;h4&#8243; css_animation=&#8221;bottom-t-top&#8221; animation_delay=&#8221;400&#8243; align=&#8221;left&#8221; title=&#8221;Marknadsf\u00f6ringsstrategi och analys&#8221; uncode_shortcode_id=&#8221;191131&#8243; icon_color_type=&#8221;uncode-palette&#8221;]<em>Din marknadsf\u00f6ringskarta<\/em><\/p>\n<p>T\u00e4nk p\u00e5 en marknadsf\u00f6ringsstrategi som ditt f\u00f6retags p\u00e5litliga GPS. Denna plan kommer att detaljera din m\u00e5lgrupp, konkurrensf\u00f6rdel och optimala distributionskanaler. I en v\u00e4rld d\u00e4r data talar h\u00f6gt, arbetar v\u00e5ra analysexperter med siffrorna f\u00f6r att s\u00e4kerst\u00e4lla att strategin alltid \u00e4r riktad \u00e5t r\u00e4tt h\u00e5ll.[\/vc_icon][vc_empty_space empty_h=&#8221;0&#8243;][\/vc_column_inner][\/vc_row_inner][vc_row_inner][vc_column_inner width=&#8221;1\/2&#8243;][vc_icon icon=&#8221;fa fa-smartphone&#8221; icon_image=&#8221;88920&#8243; icon_color=&#8221;color-104936&#8243; text_size=&#8221;h4&#8243; css_animation=&#8221;bottom-t-top&#8221; animation_delay=&#8221;400&#8243; align=&#8221;left&#8221; title=&#8221;Online- och offline-marknadsf\u00f6ringstj\u00e4nster&#8221; uncode_shortcode_id=&#8221;877041&#8243; icon_color_type=&#8221;uncode-palette&#8221;]<em>Njut av det b\u00e4sta av b\u00e5da v\u00e4rldarna<\/em><\/p>\n<p><strong>Marknadsf\u00f6ringskampanjer via e-post: Koppla upp och konvertera<\/strong><\/p>\n<p>I en tr\u00e5ng digital utrymme m\u00e5ste dina e-postmeddelanden sticka ut. L\u00e5t oss designa kampanjer som inte bara hamnar i inkorgen utan ocks\u00e5 resonerar med l\u00e4sarna och driver dem till handling.<\/p>\n<p><strong>Copywriting och nyhetsbrev: Ord som fungerar<\/strong><\/p>\n<p>Ord har kraften att attrahera och \u00f6vertyga. V\u00e5ra skickliga copywriters utformar meddelanden som g\u00f6r ett varaktigt intryck, vare sig det \u00e4r ett nyhetsbrev, webbinneh\u00e5ll eller bloggar.<\/p>\n<p><strong>Effektiv offline-marknadsf\u00f6ring<\/strong><\/p>\n<p>\u00c4ven om digitalt \u00e4r dominerande finns det styrka i traditionella metoder. Fr\u00e5n tidskrifter till reklamskyltar skapar vi offline-strategier som g\u00f6r avtryck i den verkliga v\u00e4rlden.[\/vc_icon][\/vc_column_inner][vc_column_inner width=&#8221;1\/2&#8243;][vc_empty_space empty_h=&#8221;3&#8243;][vc_icon icon=&#8221;fa fa-smartphone&#8221; icon_image=&#8221;89077&#8243; icon_color=&#8221;color-104936&#8243; text_size=&#8221;h4&#8243; css_animation=&#8221;bottom-t-top&#8221; animation_delay=&#8221;400&#8243; align=&#8221;left&#8221; uncode_shortcode_id=&#8221;774162&#8243; icon_color_type=&#8221;uncode-palette&#8221;]<strong>SMS- och push-marknadsf\u00f6ring: Mobil magi<\/strong><\/p>\n<p>M\u00f6t din publik d\u00e4r de \u00e4r &#8211; p\u00e5 sina mobila sk\u00e4rmar. V\u00e5ra strategier f\u00f6r SMS och push-meddelanden h\u00e5ller ditt varum\u00e4rke i deras tankar och fickor.<\/p>\n<p><strong>Konsultation om sociala medier: \u00d6ka din r\u00e4ckvidd<\/strong><\/p>\n<p>Du beh\u00f6ver inte g\u00e5 igenom din tillv\u00e4xtresa ensam. L\u00e5t oss v\u00e4gleda dig genom sociala medier-strategier som \u00f6kar din n\u00e4rvaro genom de mest aktuella taktikerna.[\/vc_icon][\/vc_column_inner][\/vc_row_inner][\/vc_column][\/vc_row][vc_row unlock_row_content=&#8221;yes&#8221; row_height_percent=&#8221;0&#8243; override_padding=&#8221;yes&#8221; h_padding=&#8221;2&#8243; top_padding=&#8221;2&#8243; bottom_padding=&#8221;2&#8243; back_color=&#8221;accent&#8221; overlay_alpha=&#8221;95&#8243; gutter_size=&#8221;4&#8243; column_width_use_pixel=&#8221;yes&#8221; shift_y=&#8221;0&#8243; z_index=&#8221;0&#8243; row_height_pixel=&#8221;150&#8243;][vc_column width=&#8221;1\/1&#8243;][vc_gallery el_id=&#8221;gallery-35677&#8243; type=&#8221;carousel&#8221; random=&#8221;yes&#8221; medias=&#8221;74329,74331,74332,74333&#8243; carousel_lg=&#8221;1&#8243; carousel_md=&#8221;1&#8243; carousel_sm=&#8221;1&#8243; gutter_size=&#8221;0&#8243; media_items=&#8221;icon,media|lightbox|original&#8221; carousel_v_align=&#8221;middle&#8221; carousel_type=&#8221;fade&#8221; carousel_interval=&#8221;5000&#8243; carousel_navspeed=&#8221;400&#8243; carousel_loop=&#8221;yes&#8221; carousel_dots_mobile=&#8221;yes&#8221; carousel_autoh=&#8221;yes&#8221; carousel_textual=&#8221;yes&#8221; stage_padding=&#8221;0&#8243; single_overlay_opacity=&#8221;50&#8243; single_padding=&#8221;0&#8243; single_title_family=&#8221;font-134980&#8243; single_title_dimension=&#8221;h2&#8243; single_title_height=&#8221;fontheight-524109&#8243; single_css_animation=&#8221;left-t-right&#8221; single_animation_delay=&#8221;500&#8243; carousel_twitter=&#8221;yes&#8221; title=&#8221;Testimonials&#8221; items=&#8221;eyI3NDMyOV9pIjp7InNpbmdsZV9oX2FsaWduIjoiY2VudGVyIiwic2luZ2xlX3RpdGxlX2ZhbWlseSI6IiJ9LCI3NDMzMV9pIjp7InNpbmdsZV90aXRsZV9mYW1pbHkiOiIiLCJzaW5nbGVfaF9hbGlnbiI6ImNlbnRlciJ9LCI3NDMzMl9pIjp7InNpbmdsZV90aXRsZV9mYW1pbHkiOiIiLCJzaW5nbGVfaF9hbGlnbiI6ImNlbnRlciJ9LCI3NDMzM19pIjp7InNpbmdsZV90aXRsZV9mYW1pbHkiOiIiLCJzaW5nbGVfaF9hbGlnbiI6ImNlbnRlciJ9fQ==&#8221;][\/vc_column][\/vc_row][vc_row unlock_row_content=&#8221;yes&#8221; row_height_percent=&#8221;0&#8243; override_padding=&#8221;yes&#8221; h_padding=&#8221;0&#8243; top_padding=&#8221;0&#8243; bottom_padding=&#8221;0&#8243; back_color=&#8221;color-rgdb&#8221; overlay_alpha=&#8221;100&#8243; gutter_size=&#8221;100&#8243; shift_y=&#8221;0&#8243; style=&#8221;inherited&#8221;][vc_column column_width_percent=&#8221;100&#8243; gutter_size=&#8221;3&#8243; font_family=&#8221;font-134980&#8243; overlay_alpha=&#8221;50&#8243; shift_x=&#8221;0&#8243; shift_y=&#8221;0&#8243; z_index=&#8221;0&#8243; medium_width=&#8221;0&#8243; width=&#8221;1\/1&#8243;][uncode_index el_id=&#8221;index-476895211&#8243; loop=&#8221;size:7|order_by:menu_order|order:ASC|post_type:page|by_id:85531,76797,76695,76804,76780,76772,86975|taxonomy_count:10&#8243; style_preset=&#8221;metro&#8221; screen_lg=&#8221;1200&#8243; screen_md=&#8221;960&#8243; screen_sm=&#8221;480&#8243; gutter_size=&#8221;0&#8243; post_items=&#8221;title,media,text,link,author,date,category,extra&#8221; page_items=&#8221;title,text|excerpt,media|featured|onpost|original&#8221; product_items=&#8221;title,media,text,category,price&#8221; portfolio_items=&#8221;media|featured|onpost|original,title&#8221; footer_style=&#8221;dark&#8221; footer_back_color=&#8221;accent&#8221; single_text=&#8221;overlay&#8221; single_width=&#8221;3&#8243; single_height=&#8221;3&#8243; single_overlay_color=&#8221;color-nhtu&#8221; single_overlay_opacity=&#8221;30&#8243; single_h_align=&#8221;center&#8221; single_padding=&#8221;2&#8243; single_title_family=&#8221;font-597343&#8243; single_title_dimension=&#8221;h2&#8243; single_title_weight=&#8221;700&#8243; single_title_transform=&#8221;capitalize&#8221; single_text_lead=&#8221;yes&#8221; single_border=&#8221;yes&#8221; single_css_animation=&#8221;bottom-t-top&#8221; single_animation_delay=&#8221;200&#8243; custom_order=&#8221;yes&#8221; lbox_title=&#8221;yes&#8221; lbox_caption=&#8221;yes&#8221; lbox_deep=&#8221;yes&#8221; single_block_click=&#8221;yes&#8221; single_text_hover=&#8221;yes&#8221; items=&#8221;eyI0NjI1X2kiOnsic2luZ2xlX3dpZHRoIjoiNiJ9LCI0NTgxX2kiOnsic2luZ2xlX3dpZHRoIjoiMiIsInNpbmdsZV9oZWlnaHQiOiIyIn0sIjQ1NzhfaSI6eyJzaW5nbGVfd2lkdGgiOiIyIiwic2luZ2xlX2hlaWdodCI6IjIifSwiNDM5M19pIjp7InNpbmdsZV93aWR0aCI6IjIiLCJzaW5nbGVfaGVpZ2h0IjoiMiJ9LCI0MTY3X2kiOnsic2luZ2xlX3dpZHRoIjoiMiIsInNpbmdsZV9oZWlnaHQiOiIyIn0sIjQxNjNfaSI6eyJzaW5nbGVfaGVpZ2h0IjoiMiJ9LCI0MTYwX2kiOnsic2luZ2xlX2hlaWdodCI6IjIifSwiNDE1NF9pIjp7InNpbmdsZV93aWR0aCI6IjYiLCJzaW5nbGVfaGVpZ2h0IjoiNCJ9LCI0MDg3X2kiOnsic2luZ2xlX3dpZHRoIjoiNiIsInNpbmdsZV9oZWlnaHQiOiI0In0sIjQwNjVfaSI6eyJzaW5nbGVfd2lkdGgiOiI2Iiwic2luZ2xlX2hlaWdodCI6IjQifSwiNDA3OF9pIjp7InNpbmdsZV93aWR0aCI6IjYiLCJzaW5nbGVfaGVpZ2h0IjoiNCJ9LCI3NDA1N19pIjp7InNpbmdsZV9saW5rIjoidXJsOmh0dHAlM0ElMkYlMkZyZXh1bml2ZXJzYWwuY29tJTJGY3VzdG9taXplZC1tYXJrZXRpbmctc3RyYXRlZ3klMkZ8fHwiLCJiYWNrX2ltYWdlIjoiNzMwMDIiLCJzaW5nbGVfbGF5b3V0X3BhZ2VfaXRlbXMiOiJ0aXRsZSx0ZXh0fGV4Y2VycHQsY2F0ZWdvcnksbWVkaWF8ZmVhdHVyZWR8b25wb3N0fG9yaWdpbmFsIn0sIjc0MDQxX2kiOnsic2luZ2xlX2hlaWdodCI6IjYiLCJzaW5nbGVfd2lkdGgiOiIzIn0sIjc0MjI5X2kiOnsic2luZ2xlX3dpZHRoIjoiNiIsInNpbmdsZV9oZWlnaHQiOiIzIn0sIjc1MjMzX2kiOnsic2luZ2xlX2xpbmsiOiJ1cmw6aHR0cCUzQSUyRiUyRnJleHVuaXZlcnNhbC5jb20lMkZzb2NpYWwtbWVkaWEtc3RyYXRlZ3klMkZ8fHwiLCJiYWNrX2ltYWdlIjoiNzMwMTMiLCJzaW5nbGVfbGF5b3V0X3BhZ2VfaXRlbXMiOiJ0aXRsZSx0ZXh0fGV4Y2VycHQsY2F0ZWdvcnksbWVkaWF8ZmVhdHVyZWR8b25wb3N0fG9yaWdpbmFsIiwic2luZ2xlX2hlaWdodCI6IjYifSwiNzUyODBfaSI6eyJzaW5nbGVfd2lkdGgiOiI2In0sIjc2NzcyX2kiOnsic2luZ2xlX2hlaWdodCI6IjMifSwiNzY2OTVfaSI6eyJzaW5nbGVfd2lkdGgiOiIzIn0sIjg1NTMxX2kiOnsic2luZ2xlX2hlaWdodCI6IjYifX0=&#8221; single_title_bold=&#8221;yes&#8221; footer_position=&#8221;left&#8221; filtering_transform=&#8221;uppercase&#8221; order_ids=&#8221;85531,76780,76804,76797,76772,76695,86975&#8243; uncode_shortcode_id=&#8221;153794&#8243; footer_back_color_type=&#8221;uncode-palette&#8221;][\/vc_column][\/vc_row]<\/p>\n<\/div>","protected":false},"excerpt":{"rendered":"<p>[vc_row unlock_row_content=&#8221;yes&#8221; row_height_percent=&#8221;0&#8243; override_padding=&#8221;yes&#8221; h_padding=&#8221;0&#8243; top_padding=&#8221;0&#8243; bottom_padding=&#8221;0&#8243; overlay_alpha=&#8221;100&#8243; equal_height=&#8221;yes&#8221; gutter_size=&#8221;0&#8243; shift_y=&#8221;0&#8243; style=&#8221;inherited&#8221;][vc_column column_width_percent=&#8221;100&#8243; position_horizontal=&#8221;left&#8221; gutter_size=&#8221;3&#8243; override_padding=&#8221;yes&#8221; column_padding=&#8221;5&#8243; back_color=&#8221;color-xsdn&#8221; overlay_alpha=&#8221;100&#8243; shift_x=&#8221;0&#8243; [&hellip;]<\/p>\n","protected":false},"author":2,"featured_media":89148,"parent":0,"menu_order":0,"comment_status":"open","ping_status":"closed","template":"","meta":{"footnotes":""},"class_list":["post-76772","page","type-page","status-publish","has-post-thumbnail","hentry","page_category-rexuniversal-sv"],"_links":{"self":[{"href":"https:\/\/rexuniversal.com\/sv\/wp-json\/wp\/v2\/pages\/76772","targetHints":{"allow":["GET"]}}],"collection":[{"href":"https:\/\/rexuniversal.com\/sv\/wp-json\/wp\/v2\/pages"}],"about":[{"href":"https:\/\/rexuniversal.com\/sv\/wp-json\/wp\/v2\/types\/page"}],"author":[{"embeddable":true,"href":"https:\/\/rexuniversal.com\/sv\/wp-json\/wp\/v2\/users\/2"}],"replies":[{"embeddable":true,"href":"https:\/\/rexuniversal.com\/sv\/wp-json\/wp\/v2\/comments?post=76772"}],"version-history":[{"count":4,"href":"https:\/\/rexuniversal.com\/sv\/wp-json\/wp\/v2\/pages\/76772\/revisions"}],"predecessor-version":[{"id":89244,"href":"https:\/\/rexuniversal.com\/sv\/wp-json\/wp\/v2\/pages\/76772\/revisions\/89244"}],"wp:featuredmedia":[{"embeddable":true,"href":"https:\/\/rexuniversal.com\/sv\/wp-json\/wp\/v2\/media\/89148"}],"wp:attachment":[{"href":"https:\/\/rexuniversal.com\/sv\/wp-json\/wp\/v2\/media?parent=76772"}],"curies":[{"name":"wp","href":"https:\/\/api.w.org\/{rel}","templated":true}]}}