{"id":76780,"date":"2018-09-24T13:50:17","date_gmt":"2018-09-24T12:50:17","guid":{"rendered":"https:\/\/rexuniversal.com\/?page_id=76780"},"modified":"2023-09-14T12:24:00","modified_gmt":"2023-09-14T11:24:00","slug":"webbutveckling","status":"publish","type":"page","link":"https:\/\/rexuniversal.com\/sv\/webbutveckling\/","title":{"rendered":"Webbutveckling"},"content":{"rendered":"<div class=\"wpb-content-wrapper\"><p>[vc_row unlock_row_content=&#8221;yes&#8221; row_height_percent=&#8221;0&#8243; override_padding=&#8221;yes&#8221; h_padding=&#8221;0&#8243; top_padding=&#8221;0&#8243; bottom_padding=&#8221;0&#8243; overlay_alpha=&#8221;100&#8243; equal_height=&#8221;yes&#8221; gutter_size=&#8221;0&#8243; shift_y=&#8221;0&#8243; style=&#8221;inherited&#8221;][vc_column column_width_percent=&#8221;100&#8243; position_horizontal=&#8221;left&#8221; gutter_size=&#8221;3&#8243; override_padding=&#8221;yes&#8221; column_padding=&#8221;5&#8243; back_color=&#8221;color-xsdn&#8221; overlay_alpha=&#8221;100&#8243; shift_x=&#8221;0&#8243; shift_y=&#8221;0&#8243; z_index=&#8221;0&#8243; medium_width=&#8221;100&#8243; zoom_width=&#8221;0&#8243; zoom_height=&#8221;0&#8243; width=&#8221;1\/3&#8243; safe_padding=&#8221;yes&#8221;][vc_custom_heading heading_semantic=&#8221;h3&#8243; text_font=&#8221;font-597343&#8243; text_size=&#8221;h3&#8243; text_weight=&#8221;700&#8243; text_transform=&#8221;uppercase&#8221; uncode_shortcode_id=&#8221;720075&#8243;]M\u00c5 DINA WEBBDR\u00d6MMAR G\u00c5 I UPPFYLLELSE[\/vc_custom_heading][vc_separator sep_color=&#8221;,Default&#8221;][vc_column_text text_lead=&#8221;yes&#8221; uncode_shortcode_id=&#8221;780561&#8243;]Din webbplats \u00e4r din virtuella huvuding\u00e5ng &#8211; den f\u00f6rsta intrycket som betyder mest.<\/p>\n<p>Varje sekund r\u00e4knas som en m\u00f6jlighet att koppla upp sig med nya kunder. T\u00e4nk p\u00e5 de sp\u00e4nnande m\u00f6jligheterna n\u00e4r bes\u00f6kare upplever en snabb och uppdaterad webbplats. Med varje klick beh\u00e5ller du inte bara kunder; du skapar m\u00f6jligheten att l\u00e4mna ett starkt, positivt intryck![\/vc_column_text][\/vc_column][vc_column column_width_percent=&#8221;100&#8243; position_horizontal=&#8221;left&#8221; gutter_size=&#8221;3&#8243; override_padding=&#8221;yes&#8221; column_padding=&#8221;5&#8243; back_color=&#8221;color-lxmt&#8221; overlay_alpha=&#8221;0&#8243; shift_x=&#8221;0&#8243; shift_y=&#8221;0&#8243; z_index=&#8221;0&#8243; medium_width=&#8221;100&#8243; zoom_width=&#8221;0&#8243; zoom_height=&#8221;0&#8243; width=&#8221;2\/3&#8243; safe_padding=&#8221;yes&#8221;][vc_row_inner row_inner_height_percent=&#8221;0&#8243; overlay_alpha=&#8221;50&#8243; gutter_size=&#8221;4&#8243; shift_y=&#8221;0&#8243; limit_content=&#8221;&#8221;][vc_column_inner width=&#8221;1\/2&#8243;][vc_icon icon=&#8221;fa fa-gears2&#8243; icon_image=&#8221;88980&#8243; icon_color=&#8221;color-104936&#8243; text_size=&#8221;h4&#8243; css_animation=&#8221;bottom-t-top&#8221; animation_delay=&#8221;400&#8243; align=&#8221;left&#8221; title=&#8221;Webbanalys och omdesign&#8221; uncode_shortcode_id=&#8221;119659&#8243; icon_color_type=&#8221;uncode-palette&#8221;]N\u00e4r din nuvarande webbplats inte lever upp till dina m\u00e5l \u00e4r det dags f\u00f6r en f\u00f6r\u00e4ndring. V\u00e5ra specialiserade tj\u00e4nster f\u00f6r webbanalys och omdesign hj\u00e4lper dig att identifiera problemen med din nuvarande webbplats och ge nya l\u00f6sningar.<\/p>\n<ul>\n<li><strong>Webbanalys:<\/strong> Vi granskar noggrant f\u00f6r att hitta problem som skadar din webbplats prestanda. Fr\u00e5n anv\u00e4ndarupplevelseproblem till funktionsfel tar vi inte n\u00e5gra detaljer f\u00f6r givet.<\/li>\n<li><strong>Omdesign:<\/strong> Vi byter ut det gamla mot det innovativa. V\u00e5r omdesignprocess \u00e4r som en digital makeover &#8211; inte bara utseende utan ocks\u00e5 en helt ny upplevelse f\u00f6r dina anv\u00e4ndare.<\/li>\n<li><strong>S\u00f6ml\u00f6s \u00f6verg\u00e5ng:<\/strong> F\u00f6r\u00e4ndring kan vara skr\u00e4mmande, men med oss \u00e4r det en barnlek. V\u00e5ra experter tar hand om hela omdesignresan. Ingen stress, bara framsteg!<\/li>\n<\/ul>\n<p>[\/vc_icon][\/vc_column_inner][vc_column_inner width=&#8221;1\/2&#8243;][vc_icon icon=&#8221;fa fa-pie-chart2&#8243; icon_image=&#8221;88931&#8243; icon_color=&#8221;color-104936&#8243; text_size=&#8221;h4&#8243; css_animation=&#8221;bottom-t-top&#8221; animation_delay=&#8221;600&#8243; align=&#8221;left&#8221; title=&#8221;SEO och Google Ads&#8221; uncode_shortcode_id=&#8221;965070&#8243; icon_color_type=&#8221;uncode-palette&#8221;]I en digital landskap fyllt med konkurrens \u00e4r det viktigt att sticka ut. V\u00e5ra tj\u00e4nster inom SEO och Google Ads \u00e4r utformade f\u00f6r att \u00f6ka din online-synlighet, s\u00e4kerst\u00e4lla att ditt varum\u00e4rke syns d\u00e4r det verkligen betyder n\u00e5got. Med v\u00e5ra skr\u00e4ddarsydda strategier optimerar vi din webbplats f\u00f6r att kl\u00e4ttra organiskt i s\u00f6kmotorrankningar och attrahera r\u00e4tt publik. Men det \u00e4r inte allt &#8211; vi anv\u00e4nder ocks\u00e5 kraften i Google Ads f\u00f6r att placera ditt varum\u00e4rke h\u00f6gst upp i s\u00f6kresultaten och p\u00e5 m\u00e5linriktade webbplatser.[\/vc_icon][\/vc_column_inner][\/vc_row_inner][vc_row_inner][vc_column_inner width=&#8221;1\/2&#8243;][vc_icon icon=&#8221;fa fa-desktop2&#8243; icon_image=&#8221;88983&#8243; icon_color=&#8221;color-104936&#8243; text_size=&#8221;h4&#8243; css_animation=&#8221;bottom-t-top&#8221; animation_delay=&#8221;200&#8243; align=&#8221;left&#8221; title=&#8221;Effektiva webbl\u00f6sningar&#8221; uncode_shortcode_id=&#8221;966000&#8243; icon_color_type=&#8221;uncode-palette&#8221;]Vi utv\u00e4rderar din aff\u00e4rsmodell och bygger en informativ webbplats som \u00e4r l\u00e4tt att anv\u00e4nda och underh\u00e5lla. Dessutom identifierar vi ditt f\u00f6retags viktigaste styrkor f\u00f6r att generera m\u00e5linriktad trafik till din webbplats. Fr\u00e5n det \u00f6gonblick bes\u00f6kare landar p\u00e5 din startsida, f\u00e5ngar vi deras intresse, leder dem djupare in i din varum\u00e4rkesber\u00e4ttelse och inbjuder dem att agera. Vad som skiljer oss \u00e5t? V\u00e5rt \u00e5tagande att s\u00e4kerst\u00e4lla att din webbplats skiner p\u00e5 s\u00f6kmotorer. Genom enkel, ren och responsiv design b\u00f6rjar vi resan d\u00e4r klick blir konverteringar!<\/p>\n<p><em>Webbplatser vi erbjuder:<\/em><\/p>\n<ul>\n<li>CMS-baserad webbplats &#8211; Vi \u00e4r specialiserade p\u00e5 att skapa anpassningsbara Content Management System (CMS) som ger dig kontroll. Uppdatera, \u00e4ndra och hantera din webbplats smidigt utan tekniska sv\u00e5righeter.<\/li>\n<\/ul>\n<p>[\/vc_icon][\/vc_column_inner][vc_column_inner width=&#8221;1\/2&#8243;][vc_empty_space empty_h=&#8221;1&#8243;][vc_icon icon_image=&#8221;89077&#8243; icon_color=&#8221;color-104936&#8243; text_size=&#8221;h4&#8243; css_animation=&#8221;bottom-t-top&#8221; animation_delay=&#8221;200&#8243; align=&#8221;left&#8221; uncode_shortcode_id=&#8221;210120&#8243; icon_color_type=&#8221;uncode-palette&#8221;]<\/p>\n<ul>\n<li>L\u00e5s upp en v\u00e4rld av m\u00f6jligheter n\u00e4r du presenterar och s\u00e4ljer dina produkter eller tj\u00e4nster med l\u00e4tthet. V\u00e5ra expertdesignade e-handelsl\u00f6sningar erbjuder en s\u00f6ml\u00f6s navigering, s\u00e4kra transaktioner och en engagerande shoppingupplevelse f\u00f6r dina kunder. Dessutom hj\u00e4lper vi dig att hitta den perfekta betalningsl\u00f6sningen, s\u00e5 att du kan fokusera enbart p\u00e5 att s\u00e4lja dina produkter eller tj\u00e4nster.<\/li>\n<li>Anpassade webbplatser &#8211; Inga mallar, inga begr\u00e4nsningar &#8211; bara en webbplats som \u00e4r lika unik som ditt varum\u00e4rke. V\u00e5rt team av erfarna utvecklare och designers samarbetar n\u00e4ra f\u00f6r att skapa ett digitalt m\u00e4sterverk som representerar ditt varum\u00e4rke. Om du kan dr\u00f6mma det kan vi bygga det.<\/li>\n<\/ul>\n<p>[\/vc_icon][\/vc_column_inner][\/vc_row_inner][\/vc_column][\/vc_row][vc_row unlock_row_content=&#8221;yes&#8221; row_height_percent=&#8221;0&#8243; override_padding=&#8221;yes&#8221; h_padding=&#8221;2&#8243; top_padding=&#8221;2&#8243; bottom_padding=&#8221;2&#8243; back_color=&#8221;color-104936&#8243; overlay_alpha=&#8221;80&#8243; gutter_size=&#8221;4&#8243; column_width_use_pixel=&#8221;yes&#8221; shift_y=&#8221;0&#8243; z_index=&#8221;0&#8243; row_height_pixel=&#8221;100&#8243;][vc_column column_width_percent=&#8221;100&#8243; gutter_size=&#8221;3&#8243; style=&#8221;dark&#8221; overlay_alpha=&#8221;50&#8243; shift_x=&#8221;0&#8243; shift_y=&#8221;0&#8243; shift_y_down=&#8221;0&#8243; z_index=&#8221;0&#8243; medium_width=&#8221;0&#8243; mobile_width=&#8221;0&#8243; width=&#8221;1\/1&#8243;][vc_gallery el_id=&#8221;gallery-35677&#8243; type=&#8221;carousel&#8221; random=&#8221;yes&#8221; medias=&#8221;74329,74331,74332,74333&#8243; carousel_lg=&#8221;1&#8243; carousel_md=&#8221;1&#8243; carousel_sm=&#8221;1&#8243; gutter_size=&#8221;0&#8243; media_items=&#8221;icon,media|lightbox|original&#8221; carousel_v_align=&#8221;middle&#8221; carousel_type=&#8221;fade&#8221; carousel_interval=&#8221;5000&#8243; carousel_navspeed=&#8221;400&#8243; carousel_loop=&#8221;yes&#8221; carousel_dots=&#8221;yes&#8221; carousel_dots_mobile=&#8221;yes&#8221; carousel_autoh=&#8221;yes&#8221; carousel_textual=&#8221;yes&#8221; stage_padding=&#8221;0&#8243; single_overlay_opacity=&#8221;50&#8243; single_padding=&#8221;0&#8243; single_title_family=&#8221;font-134980&#8243; single_title_dimension=&#8221;h2&#8243; single_title_height=&#8221;fontheight-524109&#8243; single_css_animation=&#8221;left-t-right&#8221; single_animation_delay=&#8221;500&#8243; carousel_twitter=&#8221;yes&#8221; title=&#8221;Testimonials&#8221; items=&#8221;eyI3NDMyOV9pIjp7InNpbmdsZV9oX3Bvc2l0aW9uIjoiY2VudGVyIiwic2luZ2xlX2hfYWxpZ24iOiJjZW50ZXIiLCJzaW5nbGVfdGl0bGVfZmFtaWx5IjoiIn0sIjc0MzMxX2kiOnsic2luZ2xlX3RpdGxlX2ZhbWlseSI6IiIsInNpbmdsZV9oX3Bvc2l0aW9uIjoiY2VudGVyIiwic2luZ2xlX2hfYWxpZ24iOiJjZW50ZXIifSwiNzQzMzJfaSI6eyJzaW5nbGVfdGl0bGVfZmFtaWx5IjoiIiwic2luZ2xlX2hfcG9zaXRpb24iOiJjZW50ZXIiLCJzaW5nbGVfaF9hbGlnbiI6ImNlbnRlciJ9LCI3NDMzM19pIjp7InNpbmdsZV90aXRsZV9mYW1pbHkiOiIiLCJzaW5nbGVfaF9wb3NpdGlvbiI6ImNlbnRlciIsInNpbmdsZV9oX2FsaWduIjoiY2VudGVyIn19&#8243;][\/vc_column][\/vc_row][vc_row][vc_column width=&#8221;1\/1&#8243;][vc_gallery el_id=&#8221;gallery-939213&#8243; medias=&#8221;88908,88903,77776,77785&#8243; gutter_size=&#8221;3&#8243; screen_lg=&#8221;1000&#8243; screen_md=&#8221;600&#8243; screen_sm=&#8221;480&#8243; single_width=&#8221;6&#8243; single_overlay_opacity=&#8221;50&#8243; single_padding=&#8221;2&#8243; items=&#8221;eyI3Nzc3M19pIjp7InNpbmdsZV9saW5rIjoidXJsOmh0dHBzJTNBJTJGJTJGYmxhY2tzaGF3aW50ZXJpb3JkZXNpZ24uY29tJTJGfHx0YXJnZXQ6JTIwX2JsYW5rfHJlbDpub2ZvbGxvdyJ9LCI3Nzc3Nl9pIjp7InNpbmdsZV9saW5rIjoidXJsOmh0dHBzJTNBJTJGJTJGYmxhY2tzaGF3aW50ZXJpb3JkZXNpZ24uY29tJTJGfHx0YXJnZXQ6JTIwX2JsYW5rfHJlbDpub2ZvbGxvdyIsInNpbmdsZV9sYXlvdXRfbWVkaWFfaXRlbXMiOiJtZWRpYXxjdXN0b21fbGlua3xvcmlnaW5hbCxpY29uIn0sIjc3Nzc5X2kiOnsic2luZ2xlX2xpbmsiOiJ1cmw6aHR0cHMlM0ElMkYlMkZyZXhtYXJiZWxsYS5jb20lMkZ8fHRhcmdldDolMjBfYmxhbmt8Iiwic2luZ2xlX2xheW91dF9tZWRpYV9pdGVtcyI6Im1lZGlhfGN1c3RvbV9saW5rfG9yaWdpbmFsLGljb24ifSwiNzc3ODJfaSI6eyJzaW5nbGVfbGluayI6IiIsInNpbmdsZV9sYXlvdXRfbWVkaWFfaXRlbXMiOiJtZWRpYXxjdXN0b21fbGlua3xvcmlnaW5hbCxpY29uIn0sIjc3Nzg1X2kiOnsic2luZ2xlX2xpbmsiOiJ1cmw6aHR0cCUzQSUyRiUyRmNobG9lcy5lc3RhdGUlMkZ8fHRhcmdldDolMjBfYmxhbmt8cmVsOm5vZm9sbG93Iiwic2luZ2xlX2xheW91dF9tZWRpYV9pdGVtcyI6Im1lZGlhfGN1c3RvbV9saW5rfG9yaWdpbmFsLGljb24ifSwiODg5MDNfaSI6eyJzaW5nbGVfbGluayI6InVybDpodHRwcyUzQSUyRiUyRmJsYWNrc2hhd2VzdGF0ZXMuY29tJTJGfHRhcmdldDpfYmxhbmt8cmVsOm5vZm9sbG93Iiwic2luZ2xlX2xheW91dF9tZWRpYV9pdGVtcyI6Im1lZGlhfGN1c3RvbV9saW5rfG9yaWdpbmFsLGljb24ifSwiODg5MDhfaSI6eyJzaW5nbGVfbGluayI6InVybDpodHRwcyUzQSUyRiUyRnBsZXkuZWUlMkZ8dGFyZ2V0Ol9ibGFua3xyZWw6bm9mb2xsb3ciLCJzaW5nbGVfbGF5b3V0X21lZGlhX2l0ZW1zIjoibWVkaWF8Y3VzdG9tX2xpbmt8b3JpZ2luYWwsaWNvbiJ9fQ==&#8221; uncode_shortcode_id=&#8221;154482&#8243;][\/vc_column][\/vc_row][vc_row unlock_row_content=&#8221;yes&#8221; row_height_percent=&#8221;0&#8243; override_padding=&#8221;yes&#8221; h_padding=&#8221;0&#8243; top_padding=&#8221;0&#8243; bottom_padding=&#8221;0&#8243; back_color=&#8221;color-rgdb&#8221; overlay_alpha=&#8221;100&#8243; gutter_size=&#8221;100&#8243; shift_y=&#8221;0&#8243; style=&#8221;inherited&#8221;][vc_column column_width_percent=&#8221;100&#8243; gutter_size=&#8221;3&#8243; font_family=&#8221;font-134980&#8243; overlay_alpha=&#8221;50&#8243; shift_x=&#8221;0&#8243; shift_y=&#8221;0&#8243; z_index=&#8221;0&#8243; medium_width=&#8221;0&#8243; width=&#8221;1\/1&#8243;][uncode_index el_id=&#8221;index-476895211&#8243; loop=&#8221;size:7|order_by:menu_order|order:ASC|post_type:page|by_id:85531,76797,76695,76804,76780,76772,86975|taxonomy_count:10&#8243; style_preset=&#8221;metro&#8221; screen_lg=&#8221;1200&#8243; screen_md=&#8221;960&#8243; screen_sm=&#8221;480&#8243; gutter_size=&#8221;0&#8243; post_items=&#8221;title,media,text,link,author,date,category,extra&#8221; page_items=&#8221;title,text|excerpt,media|featured|onpost|original&#8221; product_items=&#8221;title,media,text,category,price&#8221; portfolio_items=&#8221;media|featured|onpost|original,title&#8221; footer_style=&#8221;dark&#8221; footer_back_color=&#8221;accent&#8221; single_text=&#8221;overlay&#8221; single_width=&#8221;3&#8243; single_height=&#8221;3&#8243; single_overlay_color=&#8221;color-nhtu&#8221; single_overlay_opacity=&#8221;30&#8243; single_h_align=&#8221;center&#8221; single_padding=&#8221;2&#8243; single_title_family=&#8221;font-597343&#8243; single_title_dimension=&#8221;h2&#8243; single_title_weight=&#8221;700&#8243; single_title_transform=&#8221;capitalize&#8221; single_text_lead=&#8221;yes&#8221; single_border=&#8221;yes&#8221; single_css_animation=&#8221;bottom-t-top&#8221; single_animation_delay=&#8221;200&#8243; custom_order=&#8221;yes&#8221; lbox_title=&#8221;yes&#8221; lbox_caption=&#8221;yes&#8221; lbox_deep=&#8221;yes&#8221; single_block_click=&#8221;yes&#8221; single_text_hover=&#8221;yes&#8221; items=&#8221;eyI0NjI1X2kiOnsic2luZ2xlX3dpZHRoIjoiNiJ9LCI0NTgxX2kiOnsic2luZ2xlX3dpZHRoIjoiMiIsInNpbmdsZV9oZWlnaHQiOiIyIn0sIjQ1NzhfaSI6eyJzaW5nbGVfd2lkdGgiOiIyIiwic2luZ2xlX2hlaWdodCI6IjIifSwiNDM5M19pIjp7InNpbmdsZV93aWR0aCI6IjIiLCJzaW5nbGVfaGVpZ2h0IjoiMiJ9LCI0MTY3X2kiOnsic2luZ2xlX3dpZHRoIjoiMiIsInNpbmdsZV9oZWlnaHQiOiIyIn0sIjQxNjNfaSI6eyJzaW5nbGVfaGVpZ2h0IjoiMiJ9LCI0MTYwX2kiOnsic2luZ2xlX2hlaWdodCI6IjIifSwiNDE1NF9pIjp7InNpbmdsZV93aWR0aCI6IjYiLCJzaW5nbGVfaGVpZ2h0IjoiNCJ9LCI0MDg3X2kiOnsic2luZ2xlX3dpZHRoIjoiNiIsInNpbmdsZV9oZWlnaHQiOiI0In0sIjQwNjVfaSI6eyJzaW5nbGVfd2lkdGgiOiI2Iiwic2luZ2xlX2hlaWdodCI6IjQifSwiNDA3OF9pIjp7InNpbmdsZV93aWR0aCI6IjYiLCJzaW5nbGVfaGVpZ2h0IjoiNCJ9LCI3NDA1N19pIjp7InNpbmdsZV9saW5rIjoidXJsOmh0dHAlM0ElMkYlMkZyZXh1bml2ZXJzYWwuY29tJTJGY3VzdG9taXplZC1tYXJrZXRpbmctc3RyYXRlZ3klMkZ8fHwiLCJiYWNrX2ltYWdlIjoiNzMwMDIiLCJzaW5nbGVfbGF5b3V0X3BhZ2VfaXRlbXMiOiJ0aXRsZSx0ZXh0fGV4Y2VycHQsY2F0ZWdvcnksbWVkaWF8ZmVhdHVyZWR8b25wb3N0fG9yaWdpbmFsIn0sIjc0MDQxX2kiOnsic2luZ2xlX2hlaWdodCI6IjYiLCJzaW5nbGVfd2lkdGgiOiIzIn0sIjc0MjI5X2kiOnsic2luZ2xlX3dpZHRoIjoiNiIsInNpbmdsZV9oZWlnaHQiOiIzIn0sIjc1MjMzX2kiOnsic2luZ2xlX2xpbmsiOiJ1cmw6aHR0cCUzQSUyRiUyRnJleHVuaXZlcnNhbC5jb20lMkZzb2NpYWwtbWVkaWEtc3RyYXRlZ3klMkZ8fHwiLCJiYWNrX2ltYWdlIjoiNzMwMTMiLCJzaW5nbGVfbGF5b3V0X3BhZ2VfaXRlbXMiOiJ0aXRsZSx0ZXh0fGV4Y2VycHQsY2F0ZWdvcnksbWVkaWF8ZmVhdHVyZWR8b25wb3N0fG9yaWdpbmFsIiwic2luZ2xlX2hlaWdodCI6IjYifSwiNzUyODBfaSI6eyJzaW5nbGVfd2lkdGgiOiI2In0sIjc2NzcyX2kiOnsic2luZ2xlX2hlaWdodCI6IjMifSwiNzY2OTVfaSI6eyJzaW5nbGVfd2lkdGgiOiIzIn0sIjg1NTMxX2kiOnsic2luZ2xlX2hlaWdodCI6IjYifX0=&#8221; single_title_bold=&#8221;yes&#8221; footer_position=&#8221;left&#8221; filtering_transform=&#8221;uppercase&#8221; order_ids=&#8221;85531,76780,76804,76797,76772,76695,86975&#8243; uncode_shortcode_id=&#8221;153794&#8243; footer_back_color_type=&#8221;uncode-palette&#8221;][\/vc_column][\/vc_row]<\/p>\n<\/div>","protected":false},"excerpt":{"rendered":"<p>[vc_row unlock_row_content=&#8221;yes&#8221; row_height_percent=&#8221;0&#8243; override_padding=&#8221;yes&#8221; h_padding=&#8221;0&#8243; top_padding=&#8221;0&#8243; bottom_padding=&#8221;0&#8243; overlay_alpha=&#8221;100&#8243; equal_height=&#8221;yes&#8221; gutter_size=&#8221;0&#8243; shift_y=&#8221;0&#8243; style=&#8221;inherited&#8221;][vc_column column_width_percent=&#8221;100&#8243; position_horizontal=&#8221;left&#8221; gutter_size=&#8221;3&#8243; override_padding=&#8221;yes&#8221; column_padding=&#8221;5&#8243; back_color=&#8221;color-xsdn&#8221; overlay_alpha=&#8221;100&#8243; shift_x=&#8221;0&#8243; [&hellip;]<\/p>\n","protected":false},"author":2,"featured_media":86989,"parent":0,"menu_order":0,"comment_status":"closed","ping_status":"closed","template":"","meta":{"footnotes":""},"class_list":["post-76780","page","type-page","status-publish","has-post-thumbnail","hentry","page_category-rexuniversal-sv"],"_links":{"self":[{"href":"https:\/\/rexuniversal.com\/sv\/wp-json\/wp\/v2\/pages\/76780","targetHints":{"allow":["GET"]}}],"collection":[{"href":"https:\/\/rexuniversal.com\/sv\/wp-json\/wp\/v2\/pages"}],"about":[{"href":"https:\/\/rexuniversal.com\/sv\/wp-json\/wp\/v2\/types\/page"}],"author":[{"embeddable":true,"href":"https:\/\/rexuniversal.com\/sv\/wp-json\/wp\/v2\/users\/2"}],"replies":[{"embeddable":true,"href":"https:\/\/rexuniversal.com\/sv\/wp-json\/wp\/v2\/comments?post=76780"}],"version-history":[{"count":6,"href":"https:\/\/rexuniversal.com\/sv\/wp-json\/wp\/v2\/pages\/76780\/revisions"}],"predecessor-version":[{"id":89240,"href":"https:\/\/rexuniversal.com\/sv\/wp-json\/wp\/v2\/pages\/76780\/revisions\/89240"}],"wp:featuredmedia":[{"embeddable":true,"href":"https:\/\/rexuniversal.com\/sv\/wp-json\/wp\/v2\/media\/86989"}],"wp:attachment":[{"href":"https:\/\/rexuniversal.com\/sv\/wp-json\/wp\/v2\/media?parent=76780"}],"curies":[{"name":"wp","href":"https:\/\/api.w.org\/{rel}","templated":true}]}}