{"id":76797,"date":"2018-09-24T15:13:10","date_gmt":"2018-09-24T14:13:10","guid":{"rendered":"https:\/\/rexuniversal.com\/?page_id=76797"},"modified":"2023-09-14T12:25:48","modified_gmt":"2023-09-14T11:25:48","slug":"content-marknadsforing","status":"publish","type":"page","link":"https:\/\/rexuniversal.com\/sv\/content-marknadsforing\/","title":{"rendered":"Content marknadsf\u00f6ring"},"content":{"rendered":"<div class=\"wpb-content-wrapper\"><p>[vc_row unlock_row_content=&#8221;yes&#8221; row_height_percent=&#8221;0&#8243; override_padding=&#8221;yes&#8221; h_padding=&#8221;0&#8243; top_padding=&#8221;0&#8243; bottom_padding=&#8221;0&#8243; overlay_alpha=&#8221;100&#8243; equal_height=&#8221;yes&#8221; gutter_size=&#8221;0&#8243; shift_y=&#8221;0&#8243; style=&#8221;inherited&#8221;][vc_column column_width_percent=&#8221;100&#8243; position_horizontal=&#8221;left&#8221; gutter_size=&#8221;3&#8243; override_padding=&#8221;yes&#8221; column_padding=&#8221;5&#8243; back_color=&#8221;color-xsdn&#8221; overlay_alpha=&#8221;100&#8243; shift_x=&#8221;0&#8243; shift_y=&#8221;0&#8243; z_index=&#8221;0&#8243; medium_width=&#8221;100&#8243; zoom_width=&#8221;0&#8243; zoom_height=&#8221;0&#8243; width=&#8221;1\/3&#8243; safe_padding=&#8221;yes&#8221;][vc_custom_heading heading_semantic=&#8221;h3&#8243; text_font=&#8221;font-597343&#8243; text_size=&#8221;h3&#8243; text_weight=&#8221;700&#8243; text_transform=&#8221;uppercase&#8221;]VI LEVER I EN TID AV STORY TELLING[\/vc_custom_heading][vc_separator sep_color=&#8221;,Default&#8221;][vc_column_text text_lead=&#8221;yes&#8221;]F\u00f6r att skriva framg\u00e5ngshistoria \u00e4r det viktigt att skapa nytt och relevant inneh\u00e5ll som dina bes\u00f6kare kommer att finna intressant och v\u00e4rdefullt.<\/p>\n<p>Vi har jobbat med f\u00f6retag fr\u00e5n m\u00e5nga olika branscher. Fastighetsm\u00e4klare, sk\u00f6nhet och mode, resturanger, advokatbyr\u00e5r samt bokf\u00f6rinsfirmor \u00e4r n\u00e5gra exempel. Vi har d\u00e4rmed en bred kunskapsbas och erfarenhet av branschspecifika tillv\u00e4gag\u00e5ngss\u00e4tt inom marknadsf\u00f6ring och aff\u00e4rsutveckling f\u00f6r att kunna hj\u00e4lpa dig att v\u00e4xa oavsett bransch.[\/vc_column_text][\/vc_column][vc_column column_width_percent=&#8221;100&#8243; position_horizontal=&#8221;left&#8221; gutter_size=&#8221;3&#8243; override_padding=&#8221;yes&#8221; column_padding=&#8221;5&#8243; back_color=&#8221;color-lxmt&#8221; overlay_alpha=&#8221;0&#8243; shift_x=&#8221;0&#8243; shift_y=&#8221;0&#8243; z_index=&#8221;0&#8243; medium_width=&#8221;100&#8243; zoom_width=&#8221;0&#8243; zoom_height=&#8221;0&#8243; width=&#8221;2\/3&#8243; safe_padding=&#8221;yes&#8221;][vc_row_inner row_inner_height_percent=&#8221;0&#8243; overlay_alpha=&#8221;50&#8243; gutter_size=&#8221;4&#8243; shift_y=&#8221;0&#8243;][vc_column_inner width=&#8221;1\/2&#8243;][vc_icon icon=&#8221;fa fa-comment&#8221; icon_image=&#8221;88939&#8243; icon_color=&#8221;accent&#8221; text_size=&#8221;h4&#8243; css_animation=&#8221;bottom-t-top&#8221; animation_delay=&#8221;200&#8243; align=&#8221;left&#8221; title=&#8221;Webb\u00f6vers\u00e4ttning&#8221; uncode_shortcode_id=&#8221;853592&#8243; icon_color_type=&#8221;uncode-palette&#8221;]Att komma in p\u00e5 utl\u00e4ndska marknader \u00e4r en sv\u00e5r uppgift om du har ett spr\u00e5kbarri\u00e4r mellan dig och dina potentiella kunder. V\u00e5rt flerspr\u00e5kiga team hj\u00e4lper dig att \u00f6vers\u00e4tta allt inneh\u00e5ll du beh\u00f6ver. Dessutom kommer vi att skapa texter som \u00e4r v\u00e4lstrukturerade, grammatiskt korrekta och l\u00e4tta att f\u00f6rst\u00e5 &#8211; vilket skapar ett professionellt f\u00f6rsta intryck.[\/vc_icon][vc_icon icon=&#8221;fa fa-line-chart&#8221; icon_image=&#8221;88933&#8243; icon_color=&#8221;accent&#8221; text_size=&#8221;h4&#8243; css_animation=&#8221;bottom-t-top&#8221; animation_delay=&#8221;200&#8243; align=&#8221;left&#8221; title=&#8221;SEO&#8221; uncode_shortcode_id=&#8221;188128&#8243; icon_color_type=&#8221;uncode-palette&#8221;]Vi utf\u00f6r omfattande s\u00f6kordsforskning f\u00f6r att rikta in r\u00e4tt ord som genererar v\u00e4rde f\u00f6r ditt varum\u00e4rke s\u00e5v\u00e4l som f\u00f6r dina kunder. Exempel p\u00e5 detta \u00e4r att anv\u00e4nda r\u00e4tt nyckelord och ha ofta uppdaterade inneh\u00e5llssp\u00e5r f\u00f6r s\u00f6kmotorer som Google. Det visar att din webbsida har v\u00e4rde och information som kunderna letar efter, d\u00e4rf\u00f6r kommer de att rangordna din sida h\u00f6gre i s\u00f6kmotorerna.[\/vc_icon][\/vc_column_inner][vc_column_inner width=&#8221;1\/2&#8243;][vc_icon icon=&#8221;fa fa-laptop2&#8243; icon_image=&#8221;88943&#8243; icon_color=&#8221;accent&#8221; text_size=&#8221;h4&#8243; css_animation=&#8221;bottom-t-top&#8221; animation_delay=&#8221;400&#8243; align=&#8221;left&#8221; title=&#8221;Blogg&#8221; uncode_shortcode_id=&#8221;126425&#8243; icon_color_type=&#8221;uncode-palette&#8221;]En blogg-sida kommer att f\u00e5 mer trafik till din webbplats eftersom kunder kanske inte \u00e4r medvetna om ditt varum\u00e4rke \u00e4n och inte vet hur de ska leta efter de tj\u00e4nster eller produkter du erbjuder. De kan dock f\u00f6rs\u00f6ka s\u00f6ka efter n\u00e5got liknande och att ha en blogg med olika relaterade \u00e4mnen \u00f6kar d\u00e4rf\u00f6r m\u00f6jligheten att ditt f\u00f6retag hamnar i r\u00e4tt kunders radar.[\/vc_icon][vc_icon icon=&#8221;fa fa-pencil2&#8243; icon_image=&#8221;88936&#8243; icon_color=&#8221;accent&#8221; text_size=&#8221;h4&#8243; css_animation=&#8221;bottom-t-top&#8221; animation_delay=&#8221;600&#8243; align=&#8221;left&#8221; title=&#8221;Copy Writing&#8221; uncode_shortcode_id=&#8221;160904&#8243; icon_color_type=&#8221;uncode-palette&#8221;]V\u00e5ra SEO-fokuserade copywriters kommer att skapa blogginl\u00e4gg som sticker ut, \u00e4r v\u00e4rdefulla och anv\u00e4ndbara som relaterar till ditt f\u00f6retag f\u00f6r att h\u00f6ja v\u00e4rdet p\u00e5 din webbplats. Detta kommer att etablera dig som en auktoritet i dina kunders \u00f6gon och skapar f\u00f6rtroende.[\/vc_icon][\/vc_column_inner][\/vc_row_inner][\/vc_column][\/vc_row][vc_row unlock_row_content=&#8221;yes&#8221; row_height_percent=&#8221;0&#8243; override_padding=&#8221;yes&#8221; h_padding=&#8221;2&#8243; top_padding=&#8221;2&#8243; bottom_padding=&#8221;2&#8243; back_color=&#8221;accent&#8221; overlay_alpha=&#8221;95&#8243; gutter_size=&#8221;4&#8243; column_width_use_pixel=&#8221;yes&#8221; shift_y=&#8221;0&#8243; z_index=&#8221;0&#8243; row_height_pixel=&#8221;150&#8243;][vc_column column_width_percent=&#8221;100&#8243; gutter_size=&#8221;3&#8243; style=&#8221;dark&#8221; overlay_alpha=&#8221;50&#8243; shift_x=&#8221;0&#8243; shift_y=&#8221;0&#8243; shift_y_down=&#8221;0&#8243; z_index=&#8221;0&#8243; medium_width=&#8221;0&#8243; mobile_width=&#8221;0&#8243; width=&#8221;1\/1&#8243;][vc_gallery el_id=&#8221;gallery-35677&#8243; type=&#8221;carousel&#8221; random=&#8221;yes&#8221; medias=&#8221;74329,74331,74332,74333&#8243; carousel_lg=&#8221;1&#8243; carousel_md=&#8221;1&#8243; carousel_sm=&#8221;1&#8243; gutter_size=&#8221;0&#8243; media_items=&#8221;icon,media|lightbox|original&#8221; carousel_v_align=&#8221;middle&#8221; carousel_type=&#8221;fade&#8221; carousel_interval=&#8221;5000&#8243; carousel_navspeed=&#8221;400&#8243; carousel_loop=&#8221;yes&#8221; carousel_dots_mobile=&#8221;yes&#8221; carousel_autoh=&#8221;yes&#8221; carousel_textual=&#8221;yes&#8221; stage_padding=&#8221;0&#8243; single_overlay_opacity=&#8221;50&#8243; single_padding=&#8221;0&#8243; single_title_family=&#8221;font-134980&#8243; single_title_dimension=&#8221;h2&#8243; single_title_height=&#8221;fontheight-524109&#8243; single_css_animation=&#8221;left-t-right&#8221; single_animation_delay=&#8221;500&#8243; carousel_twitter=&#8221;yes&#8221; title=&#8221;Testimonials&#8221; items=&#8221;eyI3NDMyOV9pIjp7InNpbmdsZV9oX2FsaWduIjoiY2VudGVyIiwic2luZ2xlX3RpdGxlX2ZhbWlseSI6IiJ9LCI3NDMzMV9pIjp7InNpbmdsZV90aXRsZV9mYW1pbHkiOiIiLCJzaW5nbGVfaF9hbGlnbiI6ImNlbnRlciJ9LCI3NDMzMl9pIjp7InNpbmdsZV90aXRsZV9mYW1pbHkiOiIiLCJzaW5nbGVfaF9hbGlnbiI6ImNlbnRlciJ9LCI3NDMzM19pIjp7InNpbmdsZV90aXRsZV9mYW1pbHkiOiIiLCJzaW5nbGVfaF9hbGlnbiI6ImNlbnRlciJ9fQ==&#8221;][\/vc_column][\/vc_row][vc_row unlock_row_content=&#8221;yes&#8221; row_height_percent=&#8221;0&#8243; override_padding=&#8221;yes&#8221; h_padding=&#8221;0&#8243; top_padding=&#8221;0&#8243; bottom_padding=&#8221;0&#8243; back_color=&#8221;color-rgdb&#8221; overlay_alpha=&#8221;100&#8243; gutter_size=&#8221;100&#8243; shift_y=&#8221;0&#8243; style=&#8221;inherited&#8221;][vc_column column_width_percent=&#8221;100&#8243; gutter_size=&#8221;3&#8243; font_family=&#8221;font-134980&#8243; overlay_alpha=&#8221;50&#8243; shift_x=&#8221;0&#8243; shift_y=&#8221;0&#8243; z_index=&#8221;0&#8243; medium_width=&#8221;0&#8243; width=&#8221;1\/1&#8243;][uncode_index el_id=&#8221;index-476895211&#8243; loop=&#8221;size:7|order_by:menu_order|order:ASC|post_type:page|by_id:85531,76797,76695,76804,76780,76772,86975|taxonomy_count:10&#8243; style_preset=&#8221;metro&#8221; screen_lg=&#8221;1200&#8243; screen_md=&#8221;960&#8243; screen_sm=&#8221;480&#8243; gutter_size=&#8221;0&#8243; post_items=&#8221;title,media,text,link,author,date,category,extra&#8221; page_items=&#8221;title,text|excerpt,media|featured|onpost|original&#8221; product_items=&#8221;title,media,text,category,price&#8221; portfolio_items=&#8221;media|featured|onpost|original,title&#8221; footer_style=&#8221;dark&#8221; footer_back_color=&#8221;accent&#8221; single_text=&#8221;overlay&#8221; single_width=&#8221;3&#8243; single_height=&#8221;3&#8243; single_overlay_color=&#8221;color-nhtu&#8221; single_overlay_opacity=&#8221;30&#8243; single_h_align=&#8221;center&#8221; single_padding=&#8221;2&#8243; single_title_family=&#8221;font-597343&#8243; single_title_dimension=&#8221;h2&#8243; single_title_weight=&#8221;700&#8243; single_title_transform=&#8221;capitalize&#8221; single_text_lead=&#8221;yes&#8221; single_border=&#8221;yes&#8221; single_css_animation=&#8221;bottom-t-top&#8221; single_animation_delay=&#8221;200&#8243; custom_order=&#8221;yes&#8221; lbox_title=&#8221;yes&#8221; lbox_caption=&#8221;yes&#8221; lbox_deep=&#8221;yes&#8221; single_block_click=&#8221;yes&#8221; single_text_hover=&#8221;yes&#8221; items=&#8221;eyI0NjI1X2kiOnsic2luZ2xlX3dpZHRoIjoiNiJ9LCI0NTgxX2kiOnsic2luZ2xlX3dpZHRoIjoiMiIsInNpbmdsZV9oZWlnaHQiOiIyIn0sIjQ1NzhfaSI6eyJzaW5nbGVfd2lkdGgiOiIyIiwic2luZ2xlX2hlaWdodCI6IjIifSwiNDM5M19pIjp7InNpbmdsZV93aWR0aCI6IjIiLCJzaW5nbGVfaGVpZ2h0IjoiMiJ9LCI0MTY3X2kiOnsic2luZ2xlX3dpZHRoIjoiMiIsInNpbmdsZV9oZWlnaHQiOiIyIn0sIjQxNjNfaSI6eyJzaW5nbGVfaGVpZ2h0IjoiMiJ9LCI0MTYwX2kiOnsic2luZ2xlX2hlaWdodCI6IjIifSwiNDE1NF9pIjp7InNpbmdsZV93aWR0aCI6IjYiLCJzaW5nbGVfaGVpZ2h0IjoiNCJ9LCI0MDg3X2kiOnsic2luZ2xlX3dpZHRoIjoiNiIsInNpbmdsZV9oZWlnaHQiOiI0In0sIjQwNjVfaSI6eyJzaW5nbGVfd2lkdGgiOiI2Iiwic2luZ2xlX2hlaWdodCI6IjQifSwiNDA3OF9pIjp7InNpbmdsZV93aWR0aCI6IjYiLCJzaW5nbGVfaGVpZ2h0IjoiNCJ9LCI3NDA1N19pIjp7InNpbmdsZV9saW5rIjoidXJsOmh0dHAlM0ElMkYlMkZyZXh1bml2ZXJzYWwuY29tJTJGY3VzdG9taXplZC1tYXJrZXRpbmctc3RyYXRlZ3klMkZ8fHwiLCJiYWNrX2ltYWdlIjoiNzMwMDIiLCJzaW5nbGVfbGF5b3V0X3BhZ2VfaXRlbXMiOiJ0aXRsZSx0ZXh0fGV4Y2VycHQsY2F0ZWdvcnksbWVkaWF8ZmVhdHVyZWR8b25wb3N0fG9yaWdpbmFsIn0sIjc0MDQxX2kiOnsic2luZ2xlX2hlaWdodCI6IjYiLCJzaW5nbGVfd2lkdGgiOiIzIn0sIjc0MjI5X2kiOnsic2luZ2xlX3dpZHRoIjoiNiIsInNpbmdsZV9oZWlnaHQiOiIzIn0sIjc1MjMzX2kiOnsic2luZ2xlX2xpbmsiOiJ1cmw6aHR0cCUzQSUyRiUyRnJleHVuaXZlcnNhbC5jb20lMkZzb2NpYWwtbWVkaWEtc3RyYXRlZ3klMkZ8fHwiLCJiYWNrX2ltYWdlIjoiNzMwMTMiLCJzaW5nbGVfbGF5b3V0X3BhZ2VfaXRlbXMiOiJ0aXRsZSx0ZXh0fGV4Y2VycHQsY2F0ZWdvcnksbWVkaWF8ZmVhdHVyZWR8b25wb3N0fG9yaWdpbmFsIiwic2luZ2xlX2hlaWdodCI6IjYifSwiNzUyODBfaSI6eyJzaW5nbGVfd2lkdGgiOiI2In0sIjc2NzcyX2kiOnsic2luZ2xlX2hlaWdodCI6IjMifSwiNzY2OTVfaSI6eyJzaW5nbGVfd2lkdGgiOiIzIn0sIjg1NTMxX2kiOnsic2luZ2xlX2hlaWdodCI6IjYifX0=&#8221; single_title_bold=&#8221;yes&#8221; footer_position=&#8221;left&#8221; filtering_transform=&#8221;uppercase&#8221; order_ids=&#8221;85531,76780,76804,76797,76772,76695,86975&#8243; uncode_shortcode_id=&#8221;153794&#8243; footer_back_color_type=&#8221;uncode-palette&#8221;][\/vc_column][\/vc_row]<\/p>\n<\/div>","protected":false},"excerpt":{"rendered":"<p>[vc_row unlock_row_content=&#8221;yes&#8221; row_height_percent=&#8221;0&#8243; override_padding=&#8221;yes&#8221; h_padding=&#8221;0&#8243; top_padding=&#8221;0&#8243; bottom_padding=&#8221;0&#8243; overlay_alpha=&#8221;100&#8243; equal_height=&#8221;yes&#8221; gutter_size=&#8221;0&#8243; shift_y=&#8221;0&#8243; style=&#8221;inherited&#8221;][vc_column column_width_percent=&#8221;100&#8243; position_horizontal=&#8221;left&#8221; gutter_size=&#8221;3&#8243; override_padding=&#8221;yes&#8221; column_padding=&#8221;5&#8243; back_color=&#8221;color-xsdn&#8221; overlay_alpha=&#8221;100&#8243; shift_x=&#8221;0&#8243; [&hellip;]<\/p>\n","protected":false},"author":2,"featured_media":89176,"parent":0,"menu_order":0,"comment_status":"closed","ping_status":"closed","template":"","meta":{"footnotes":""},"class_list":["post-76797","page","type-page","status-publish","has-post-thumbnail","hentry","page_category-rexuniversal-sv"],"_links":{"self":[{"href":"https:\/\/rexuniversal.com\/sv\/wp-json\/wp\/v2\/pages\/76797","targetHints":{"allow":["GET"]}}],"collection":[{"href":"https:\/\/rexuniversal.com\/sv\/wp-json\/wp\/v2\/pages"}],"about":[{"href":"https:\/\/rexuniversal.com\/sv\/wp-json\/wp\/v2\/types\/page"}],"author":[{"embeddable":true,"href":"https:\/\/rexuniversal.com\/sv\/wp-json\/wp\/v2\/users\/2"}],"replies":[{"embeddable":true,"href":"https:\/\/rexuniversal.com\/sv\/wp-json\/wp\/v2\/comments?post=76797"}],"version-history":[{"count":3,"href":"https:\/\/rexuniversal.com\/sv\/wp-json\/wp\/v2\/pages\/76797\/revisions"}],"predecessor-version":[{"id":89243,"href":"https:\/\/rexuniversal.com\/sv\/wp-json\/wp\/v2\/pages\/76797\/revisions\/89243"}],"wp:featuredmedia":[{"embeddable":true,"href":"https:\/\/rexuniversal.com\/sv\/wp-json\/wp\/v2\/media\/89176"}],"wp:attachment":[{"href":"https:\/\/rexuniversal.com\/sv\/wp-json\/wp\/v2\/media?parent=76797"}],"curies":[{"name":"wp","href":"https:\/\/api.w.org\/{rel}","templated":true}]}}