{"id":86975,"date":"2021-04-13T16:02:08","date_gmt":"2021-04-13T15:02:08","guid":{"rendered":"https:\/\/rexuniversal.com\/?page_id=86975"},"modified":"2023-09-14T12:28:11","modified_gmt":"2023-09-14T11:28:11","slug":"digital-annonsering","status":"publish","type":"page","link":"https:\/\/rexuniversal.com\/sv\/digital-annonsering\/","title":{"rendered":"Digital Annonsering"},"content":{"rendered":"<div class=\"wpb-content-wrapper\"><p>[vc_row unlock_row_content=&#8221;yes&#8221; row_height_percent=&#8221;0&#8243; override_padding=&#8221;yes&#8221; h_padding=&#8221;0&#8243; top_padding=&#8221;0&#8243; bottom_padding=&#8221;0&#8243; overlay_alpha=&#8221;100&#8243; equal_height=&#8221;yes&#8221; gutter_size=&#8221;0&#8243; column_width_percent=&#8221;100&#8243; shift_y=&#8221;0&#8243; z_index=&#8221;0&#8243; style=&#8221;inherited&#8221;][vc_column column_width_percent=&#8221;100&#8243; position_horizontal=&#8221;left&#8221; gutter_size=&#8221;3&#8243; override_padding=&#8221;yes&#8221; column_padding=&#8221;5&#8243; back_color=&#8221;color-xsdn&#8221; overlay_alpha=&#8221;100&#8243; shift_x=&#8221;0&#8243; shift_y=&#8221;0&#8243; z_index=&#8221;0&#8243; medium_width=&#8221;100&#8243; zoom_width=&#8221;0&#8243; zoom_height=&#8221;0&#8243; width=&#8221;1\/3&#8243; safe_padding=&#8221;yes&#8221;][vc_custom_heading heading_semantic=&#8221;h3&#8243; text_font=&#8221;font-597343&#8243; text_size=&#8221;h3&#8243; text_weight=&#8221;700&#8243; text_transform=&#8221;uppercase&#8221; uncode_shortcode_id=&#8221;318074&#8243;]Bra annonsering \u00e4r en dialog med m\u00e4nniskor[\/vc_custom_heading][vc_separator sep_color=&#8221;,Default&#8221;][vc_column_text text_lead=&#8221;yes&#8221;]<\/p>\n<div class=\"tlid-results-container results-container\">\n<div class=\"tlid-result result-dict-wrapper\">\n<div class=\"result tlid-copy-target\">\n<div class=\"result-header\">\n<div class=\"starbutton jfk-button-flat jfk-button unstarred\" tabindex=\"0\" role=\"button\" aria-label=\"Star translation\" data-tooltip=\"Star translation\" data-tooltip-align=\"t,c\">\n<div class=\"jfk-button-img\">\n<p>Det \u00e4r viktigt att den produkt eller tj\u00e4nst som ditt f\u00f6retag tillhandah\u00e5ller kan kommuniceras till konsumenterna p\u00e5 flera olika s\u00e4tt. V\u00e5r omfattande kunskap om olika reklammetoder kommer att s\u00e4kerst\u00e4lla exponering av ditt varum\u00e4rte till en st\u00f6rre samt r\u00e4tt publik.<\/p>\n<\/div>\n<\/div>\n<\/div>\n<\/div>\n<\/div>\n<\/div>\n<p>[\/vc_column_text][\/vc_column][vc_column column_width_percent=&#8221;100&#8243; position_horizontal=&#8221;left&#8221; gutter_size=&#8221;3&#8243; override_padding=&#8221;yes&#8221; column_padding=&#8221;5&#8243; back_color=&#8221;color-lxmt&#8221; overlay_alpha=&#8221;0&#8243; shift_x=&#8221;0&#8243; shift_y=&#8221;0&#8243; shift_y_down=&#8221;0&#8243; z_index=&#8221;0&#8243; medium_width=&#8221;100&#8243; mobile_width=&#8221;0&#8243; zoom_width=&#8221;0&#8243; zoom_height=&#8221;0&#8243; width=&#8221;2\/3&#8243; safe_padding=&#8221;yes&#8221;][vc_row_inner row_inner_height_percent=&#8221;0&#8243; overlay_alpha=&#8221;50&#8243; equal_height=&#8221;yes&#8221; gutter_size=&#8221;4&#8243; shift_y=&#8221;0&#8243; z_index=&#8221;0&#8243;][vc_column_inner width=&#8221;1\/3&#8243;][vc_icon icon=&#8221;fa fa-google&#8221; icon_image=&#8221;88919&#8243; icon_color=&#8221;color-104936&#8243; text_size=&#8221;h4&#8243; css_animation=&#8221;bottom-t-top&#8221; animation_delay=&#8221;200&#8243; align=&#8221;left&#8221; title=&#8221;Google-annonser&#8221; uncode_shortcode_id=&#8221;105487&#8243; icon_color_type=&#8221;uncode-palette&#8221;]Det finns m\u00e5nga f\u00f6rdelar med google-annonser som hj\u00e4lper ditt f\u00f6retag att f\u00e5 en konkurrensf\u00f6rdel. Betalda annonser fungerar snabbare \u00e4n organisk SEO och tacklar din konkurrens b\u00e4ttre. Rex-teamet kommer att kunna m\u00e4ta ditt f\u00f6retags resultat konsekvent. Med v\u00e5ra experter inom Google-annonser kommer ditt f\u00f6retag att inr\u00e4ttas f\u00f6r snabb tillv\u00e4xt och h\u00f6ga framg\u00e5ngsniv\u00e5er.[\/vc_icon][\/vc_column_inner][vc_column_inner width=&#8221;1\/3&#8243;][vc_icon icon=&#8221;fa fa-bullhorn&#8221; icon_image=&#8221;88922&#8243; icon_color=&#8221;color-104936&#8243; text_size=&#8221;h4&#8243; css_animation=&#8221;bottom-t-top&#8221; animation_delay=&#8221;400&#8243; align=&#8221;left&#8221; title=&#8221;Kampanjannonsering f\u00f6r sociala medier&#8221; uncode_shortcode_id=&#8221;201279&#8243; icon_color_type=&#8221;uncode-palette&#8221;]Ta din varum\u00e4rkesk\u00e4nnedom \u00e4nnu l\u00e4ngre med Instagram- och Facebook-annonser &#8211; anpassade specifikt f\u00f6r att matcha din nischmarknad och locka dem att k\u00f6pa din produkt eller tj\u00e4nst. Med v\u00e5rt team av experter som st\u00e4ndigt uppdaterar annonserna efter hur ditt varum\u00e4rke f\u00f6r\u00e4ndras beh\u00f6ver du inte lita p\u00e5 lycka f\u00f6r att ditt f\u00f6retag ska v\u00e4xa exponentiellt.[\/vc_icon][\/vc_column_inner][vc_column_inner width=&#8221;1\/3&#8243;][vc_icon icon=&#8221;fa fa-printer&#8221; icon_image=&#8221;88926&#8243; icon_color=&#8221;color-104936&#8243; text_size=&#8221;h4&#8243; css_animation=&#8221;bottom-t-top&#8221; animation_delay=&#8221;600&#8243; align=&#8221;left&#8221; title=&#8221;Tryckt reklam-annonsering&#8221; uncode_shortcode_id=&#8221;558147&#8243; icon_color_type=&#8221;uncode-palette&#8221;]Det finns n\u00e5got f\u00f6r alla typer av f\u00f6retag att lyckas med Rex. \u00c4ven om det betyder att ditt f\u00f6retag tar ett mer klassiskt tillv\u00e4gag\u00e5ngss\u00e4tt f\u00f6r varum\u00e4rkesmedvetenhet som tryckt reklam. Du kan lita p\u00e5 Rex med v\u00e5rt breda spektrum av f\u00e4rdigheter inom reklam f\u00f6r tryck f\u00f6r att n\u00e5 alla m\u00e5l du har f\u00f6r ditt varum\u00e4rke.[\/vc_icon][\/vc_column_inner][\/vc_row_inner][\/vc_column][\/vc_row][vc_row unlock_row_content=&#8221;yes&#8221; row_height_percent=&#8221;0&#8243; override_padding=&#8221;yes&#8221; h_padding=&#8221;2&#8243; top_padding=&#8221;2&#8243; bottom_padding=&#8221;2&#8243; back_color=&#8221;accent&#8221; overlay_alpha=&#8221;95&#8243; gutter_size=&#8221;4&#8243; column_width_use_pixel=&#8221;yes&#8221; shift_y=&#8221;0&#8243; z_index=&#8221;0&#8243; row_height_pixel=&#8221;150&#8243;][vc_column column_width_percent=&#8221;100&#8243; gutter_size=&#8221;3&#8243; style=&#8221;dark&#8221; overlay_alpha=&#8221;50&#8243; shift_x=&#8221;0&#8243; shift_y=&#8221;0&#8243; shift_y_down=&#8221;0&#8243; z_index=&#8221;0&#8243; medium_width=&#8221;0&#8243; mobile_width=&#8221;0&#8243; width=&#8221;1\/1&#8243;][vc_gallery el_id=&#8221;gallery-35677&#8243; type=&#8221;carousel&#8221; random=&#8221;yes&#8221; medias=&#8221;74329,74331,74332,74333&#8243; carousel_lg=&#8221;1&#8243; carousel_md=&#8221;1&#8243; carousel_sm=&#8221;1&#8243; gutter_size=&#8221;0&#8243; media_items=&#8221;icon,media|lightbox|original&#8221; carousel_v_align=&#8221;middle&#8221; carousel_type=&#8221;fade&#8221; carousel_interval=&#8221;5000&#8243; carousel_navspeed=&#8221;400&#8243; carousel_loop=&#8221;yes&#8221; carousel_dots_mobile=&#8221;yes&#8221; carousel_autoh=&#8221;yes&#8221; carousel_textual=&#8221;yes&#8221; stage_padding=&#8221;0&#8243; single_overlay_opacity=&#8221;50&#8243; single_padding=&#8221;0&#8243; single_title_family=&#8221;font-134980&#8243; single_title_dimension=&#8221;h2&#8243; single_title_height=&#8221;fontheight-524109&#8243; single_css_animation=&#8221;left-t-right&#8221; single_animation_delay=&#8221;500&#8243; carousel_twitter=&#8221;yes&#8221; title=&#8221;Testimonials&#8221; items=&#8221;eyI3NDMyOV9pIjp7InNpbmdsZV9oX2FsaWduIjoiY2VudGVyIiwic2luZ2xlX3RpdGxlX2ZhbWlseSI6IiJ9LCI3NDMzMV9pIjp7InNpbmdsZV90aXRsZV9mYW1pbHkiOiIiLCJzaW5nbGVfaF9hbGlnbiI6ImNlbnRlciJ9LCI3NDMzMl9pIjp7InNpbmdsZV90aXRsZV9mYW1pbHkiOiIiLCJzaW5nbGVfaF9hbGlnbiI6ImNlbnRlciJ9LCI3NDMzM19pIjp7InNpbmdsZV90aXRsZV9mYW1pbHkiOiIiLCJzaW5nbGVfaF9hbGlnbiI6ImNlbnRlciJ9fQ==&#8221;][\/vc_column][\/vc_row][vc_row unlock_row_content=&#8221;yes&#8221; row_height_percent=&#8221;0&#8243; override_padding=&#8221;yes&#8221; h_padding=&#8221;0&#8243; top_padding=&#8221;0&#8243; bottom_padding=&#8221;0&#8243; back_color=&#8221;color-rgdb&#8221; overlay_alpha=&#8221;100&#8243; gutter_size=&#8221;100&#8243; shift_y=&#8221;0&#8243; style=&#8221;inherited&#8221;][vc_column column_width_percent=&#8221;100&#8243; gutter_size=&#8221;3&#8243; font_family=&#8221;font-134980&#8243; overlay_alpha=&#8221;50&#8243; shift_x=&#8221;0&#8243; shift_y=&#8221;0&#8243; z_index=&#8221;0&#8243; medium_width=&#8221;0&#8243; width=&#8221;1\/1&#8243;][uncode_index el_id=&#8221;index-476895211&#8243; loop=&#8221;size:7|order_by:menu_order|order:ASC|post_type:page|by_id:85531,76797,76695,76804,76780,76772,86975|taxonomy_count:10&#8243; style_preset=&#8221;metro&#8221; screen_lg=&#8221;1200&#8243; screen_md=&#8221;960&#8243; screen_sm=&#8221;480&#8243; gutter_size=&#8221;0&#8243; post_items=&#8221;title,media,text,link,author,date,category,extra&#8221; page_items=&#8221;title,text|excerpt,media|featured|onpost|original&#8221; product_items=&#8221;title,media,text,category,price&#8221; portfolio_items=&#8221;media|featured|onpost|original,title&#8221; footer_style=&#8221;dark&#8221; footer_back_color=&#8221;accent&#8221; single_text=&#8221;overlay&#8221; single_width=&#8221;3&#8243; single_height=&#8221;3&#8243; single_overlay_color=&#8221;color-nhtu&#8221; single_overlay_opacity=&#8221;30&#8243; single_h_align=&#8221;center&#8221; single_padding=&#8221;2&#8243; single_title_family=&#8221;font-597343&#8243; single_title_dimension=&#8221;h2&#8243; single_title_weight=&#8221;700&#8243; single_title_transform=&#8221;capitalize&#8221; single_text_lead=&#8221;yes&#8221; single_border=&#8221;yes&#8221; single_css_animation=&#8221;bottom-t-top&#8221; single_animation_delay=&#8221;200&#8243; custom_order=&#8221;yes&#8221; lbox_title=&#8221;yes&#8221; lbox_caption=&#8221;yes&#8221; lbox_deep=&#8221;yes&#8221; single_block_click=&#8221;yes&#8221; single_text_hover=&#8221;yes&#8221; items=&#8221;eyI0NjI1X2kiOnsic2luZ2xlX3dpZHRoIjoiNiJ9LCI0NTgxX2kiOnsic2luZ2xlX3dpZHRoIjoiMiIsInNpbmdsZV9oZWlnaHQiOiIyIn0sIjQ1NzhfaSI6eyJzaW5nbGVfd2lkdGgiOiIyIiwic2luZ2xlX2hlaWdodCI6IjIifSwiNDM5M19pIjp7InNpbmdsZV93aWR0aCI6IjIiLCJzaW5nbGVfaGVpZ2h0IjoiMiJ9LCI0MTY3X2kiOnsic2luZ2xlX3dpZHRoIjoiMiIsInNpbmdsZV9oZWlnaHQiOiIyIn0sIjQxNjNfaSI6eyJzaW5nbGVfaGVpZ2h0IjoiMiJ9LCI0MTYwX2kiOnsic2luZ2xlX2hlaWdodCI6IjIifSwiNDE1NF9pIjp7InNpbmdsZV93aWR0aCI6IjYiLCJzaW5nbGVfaGVpZ2h0IjoiNCJ9LCI0MDg3X2kiOnsic2luZ2xlX3dpZHRoIjoiNiIsInNpbmdsZV9oZWlnaHQiOiI0In0sIjQwNjVfaSI6eyJzaW5nbGVfd2lkdGgiOiI2Iiwic2luZ2xlX2hlaWdodCI6IjQifSwiNDA3OF9pIjp7InNpbmdsZV93aWR0aCI6IjYiLCJzaW5nbGVfaGVpZ2h0IjoiNCJ9LCI3NDA1N19pIjp7InNpbmdsZV9saW5rIjoidXJsOmh0dHAlM0ElMkYlMkZyZXh1bml2ZXJzYWwuY29tJTJGY3VzdG9taXplZC1tYXJrZXRpbmctc3RyYXRlZ3klMkZ8fHwiLCJiYWNrX2ltYWdlIjoiNzMwMDIiLCJzaW5nbGVfbGF5b3V0X3BhZ2VfaXRlbXMiOiJ0aXRsZSx0ZXh0fGV4Y2VycHQsY2F0ZWdvcnksbWVkaWF8ZmVhdHVyZWR8b25wb3N0fG9yaWdpbmFsIn0sIjc0MDQxX2kiOnsic2luZ2xlX2hlaWdodCI6IjYiLCJzaW5nbGVfd2lkdGgiOiIzIn0sIjc0MjI5X2kiOnsic2luZ2xlX3dpZHRoIjoiNiIsInNpbmdsZV9oZWlnaHQiOiIzIn0sIjc1MjMzX2kiOnsic2luZ2xlX2xpbmsiOiJ1cmw6aHR0cCUzQSUyRiUyRnJleHVuaXZlcnNhbC5jb20lMkZzb2NpYWwtbWVkaWEtc3RyYXRlZ3klMkZ8fHwiLCJiYWNrX2ltYWdlIjoiNzMwMTMiLCJzaW5nbGVfbGF5b3V0X3BhZ2VfaXRlbXMiOiJ0aXRsZSx0ZXh0fGV4Y2VycHQsY2F0ZWdvcnksbWVkaWF8ZmVhdHVyZWR8b25wb3N0fG9yaWdpbmFsIiwic2luZ2xlX2hlaWdodCI6IjYifSwiNzUyODBfaSI6eyJzaW5nbGVfd2lkdGgiOiI2In0sIjc2NzcyX2kiOnsic2luZ2xlX2hlaWdodCI6IjMifSwiNzY2OTVfaSI6eyJzaW5nbGVfd2lkdGgiOiIzIn0sIjg1NTMxX2kiOnsic2luZ2xlX2hlaWdodCI6IjYifX0=&#8221; single_title_bold=&#8221;yes&#8221; footer_position=&#8221;left&#8221; filtering_transform=&#8221;uppercase&#8221; order_ids=&#8221;85531,76780,76804,76797,76772,76695,86975&#8243; uncode_shortcode_id=&#8221;153794&#8243; footer_back_color_type=&#8221;uncode-palette&#8221;][\/vc_column][\/vc_row]<\/p>\n<\/div>","protected":false},"excerpt":{"rendered":"<p>[vc_row unlock_row_content=&#8221;yes&#8221; row_height_percent=&#8221;0&#8243; override_padding=&#8221;yes&#8221; h_padding=&#8221;0&#8243; top_padding=&#8221;0&#8243; bottom_padding=&#8221;0&#8243; overlay_alpha=&#8221;100&#8243; equal_height=&#8221;yes&#8221; gutter_size=&#8221;0&#8243; column_width_percent=&#8221;100&#8243; shift_y=&#8221;0&#8243; z_index=&#8221;0&#8243; style=&#8221;inherited&#8221;][vc_column column_width_percent=&#8221;100&#8243; position_horizontal=&#8221;left&#8221; gutter_size=&#8221;3&#8243; override_padding=&#8221;yes&#8221; column_padding=&#8221;5&#8243; back_color=&#8221;color-xsdn&#8221; [&hellip;]<\/p>\n","protected":false},"author":3,"featured_media":87074,"parent":0,"menu_order":0,"comment_status":"closed","ping_status":"closed","template":"","meta":{"footnotes":""},"class_list":["post-86975","page","type-page","status-publish","has-post-thumbnail","hentry","page_category-rexuniversal-sv"],"_links":{"self":[{"href":"https:\/\/rexuniversal.com\/sv\/wp-json\/wp\/v2\/pages\/86975","targetHints":{"allow":["GET"]}}],"collection":[{"href":"https:\/\/rexuniversal.com\/sv\/wp-json\/wp\/v2\/pages"}],"about":[{"href":"https:\/\/rexuniversal.com\/sv\/wp-json\/wp\/v2\/types\/page"}],"author":[{"embeddable":true,"href":"https:\/\/rexuniversal.com\/sv\/wp-json\/wp\/v2\/users\/3"}],"replies":[{"embeddable":true,"href":"https:\/\/rexuniversal.com\/sv\/wp-json\/wp\/v2\/comments?post=86975"}],"version-history":[{"count":2,"href":"https:\/\/rexuniversal.com\/sv\/wp-json\/wp\/v2\/pages\/86975\/revisions"}],"predecessor-version":[{"id":89247,"href":"https:\/\/rexuniversal.com\/sv\/wp-json\/wp\/v2\/pages\/86975\/revisions\/89247"}],"wp:featuredmedia":[{"embeddable":true,"href":"https:\/\/rexuniversal.com\/sv\/wp-json\/wp\/v2\/media\/87074"}],"wp:attachment":[{"href":"https:\/\/rexuniversal.com\/sv\/wp-json\/wp\/v2\/media?parent=86975"}],"curies":[{"name":"wp","href":"https:\/\/api.w.org\/{rel}","templated":true}]}}